{"id":10,"date":"2021-08-26T11:50:22","date_gmt":"2021-08-26T09:50:22","guid":{"rendered":"https:\/\/hydraulicsmeetselectronics.de\/?page_id=10"},"modified":"2025-07-23T15:59:29","modified_gmt":"2025-07-23T13:59:29","slug":"produkte","status":"publish","type":"page","link":"https:\/\/hydraulicsmeetselectronics.de\/de\/produkte\/","title":{"rendered":"Produkte"},"content":{"rendered":"<div id=\"pl-10\"  class=\"panel-layout\" ><div id=\"pg-10-0\"  class=\"panel-grid panel-has-style\" ><div class=\"bachground-darkblue panel-row-style panel-row-style-for-10-0\" ><div id=\"pgc-10-0-0\"  class=\"panel-grid-cell\" ><div id=\"panel-10-0-0-0\" class=\"widget_text so-panel widget widget_custom_html panel-first-child panel-last-child\" data-index=\"0\" ><div class=\"widget_text bachground-darkblue panel-widget-style panel-widget-style-for-10-0-0-0\" ><div class=\"textwidget custom-html-widget\"><div class='white' style='background:rgba(0,0,0,0); border:solid 0px rgba(0,0,0,0); border-radius:0px; padding:0px 0px 0px 0px;'>\n<div id='slider_205' class='owl-carousel sa_owl_theme ' data-slider-id='slider_205' style='visibility:hidden;'>\n<div id='slider_205_slide01' class='sa_hover_container' style='padding:0% 0%; margin:0px 0%; background-image:url(&quot;https:\/\/hydraulicsmeetselectronics.de\/wp-content\/uploads\/2022\/08\/Header_Sortiment_neues-Logo-1.jpg&quot;); background-position:center center; background-size:100% 100%; background-repeat:no-repeat; min-height:800px; '><p><img loading=\"lazy\" decoding=\"async\" class=\"alignnone wp-image-54\" role=\"img\" src=\"https:\/\/hydraulicsmeetselectronics.de\/wp-content\/uploads\/2021\/08\/Logo_rz_bildmarke_farbig_rgb.svg\" alt=\"\" width=\"100\" height=\"42\" \/><\/p>\r\n<h1><span><br \/><\/span>Immer das passende Produkt<\/h1>\r\n<h3>Hydraulics Meets Electronics<\/h3><\/div>\n<\/div>\n<\/div>\n<script type='text\/javascript'>\n\tjQuery(document).ready(function() {\n\t\tjQuery('#slider_205').owlCarousel({\n\t\t\titems : 1,\n\t\t\tsmartSpeed : 1000,\n\t\t\tautoplay : true,\n\t\t\tautoplayTimeout : 5000,\n\t\t\tautoplayHoverPause : true,\n\t\t\tsmartSpeed : 1000,\n\t\t\tfluidSpeed : 1000,\n\t\t\tautoplaySpeed : 1000,\n\t\t\tnavSpeed : 1000,\n\t\t\tdotsSpeed : 1000,\n\t\t\tloop : true,\n\t\t\tnav : true,\n\t\t\tnavText : ['Previous','Next'],\n\t\t\tdots : false,\n\t\t\tresponsiveRefreshRate : 200,\n\t\t\tslideBy : 1,\n\t\t\tmergeFit : true,\n\t\t\tautoHeight : false,\n\t\t\tmouseDrag : false,\n\t\t\ttouchDrag : true\n\t\t});\n\t\tjQuery('#slider_205').css('visibility', 'visible');\n\t\tvar owl_goto = jQuery('#slider_205');\n\t\tjQuery('.slider_205_goto1').click(function(event){\n\t\t\towl_goto.trigger('to.owl.carousel', 0);\n\t\t});\n\t\tvar resize_3210 = jQuery('.owl-carousel');\n\t\tresize_3210.on('initialized.owl.carousel', function(e) {\n\t\t\tif (typeof(Event) === 'function') {\n\t\t\t\twindow.dispatchEvent(new Event('resize'));\n\t\t\t} else {\n\t\t\t\tvar evt = window.document.createEvent('UIEvents');\n\t\t\t\tevt.initUIEvent('resize', true, false, window, 0);\n\t\t\t\twindow.dispatchEvent(evt);\n\t\t\t}\n\t\t});\n\t});\n<\/script>\n<\/div><\/div><\/div><\/div><\/div><\/div><div id=\"pg-10-1\"  class=\"panel-grid panel-no-style\" ><div id=\"pgc-10-1-0\"  class=\"panel-grid-cell\" ><div id=\"panel-10-1-0-0\" class=\"so-panel widget widget_sow-editor panel-first-child panel-last-child\" data-index=\"1\" ><div class=\"inner mt-2 mb-3 panel-widget-style panel-widget-style-for-10-1-0-0\" ><div\n\t\t\t\n\t\t\tclass=\"so-widget-sow-editor so-widget-sow-editor-base\"\n\t\t\t\n\t\t>\n<div class=\"siteorigin-widget-tinymce textwidget\">\n\t<h2 style=\"text-align: center;\"><em>Unser <strong><span class=\"pink\">Produktfinder<\/span><\/strong><\/em><\/h2>\n<p class=\"intro\" style=\"text-align: center;\"><span class=\"pink\">Spezielle bis individuelle elektronische Baugruppen<\/span><\/p>\n<p class=\"intro\" style=\"text-align: center;\"><span class=\"pink\">fu\u0308r hydraulische Anwendungen.<\/span><\/p>\n<\/div>\n<\/div><\/div><\/div><\/div><\/div><\/div>","protected":false},"excerpt":{"rendered":"<p>Unser Produktfinder Spezielle bis individuelle elektronische Baugruppen fu\u0308r hydraulische Anwendungen.<\/p>\n","protected":false},"author":2,"featured_media":0,"parent":0,"menu_order":0,"comment_status":"closed","ping_status":"closed","template":"filtertemplate.php","meta":{"_acf_changed":false,"footnotes":""},"class_list":["post-10","page","type-page","status-publish","hentry"],"acf":[],"yoast_head":"<!-- This site is optimized with the Yoast SEO plugin v27.5 - https:\/\/yoast.com\/product\/yoast-seo-wordpress\/ -->\n<title>Produkte - W.E.St. Elektronik GmbH \u2013 elektronischen Baugruppen f\u00fcr hydraulische Anwendungen<\/title>\n<meta name=\"description\" content=\"Die WEST Elektronik GmbH entwickelt und produziert elektronische Baugruppen f\u00fcr hydraulische Anwendungen. Individuelle Kundenw\u00fcnsche m\u00f6glich.\" \/>\n<meta name=\"robots\" content=\"index, follow, max-snippet:-1, max-image-preview:large, max-video-preview:-1\" \/>\n<link rel=\"canonical\" href=\"https:\/\/hydraulicsmeetselectronics.de\/de\/produkte\/\" \/>\n<meta property=\"og:locale\" content=\"de_DE\" \/>\n<meta property=\"og:type\" content=\"article\" \/>\n<meta property=\"og:title\" content=\"Produkte - W.E.St. Elektronik GmbH \u2013 elektronischen Baugruppen f\u00fcr hydraulische Anwendungen\" \/>\n<meta property=\"og:description\" content=\"Die WEST Elektronik GmbH entwickelt und produziert elektronische Baugruppen f\u00fcr hydraulische Anwendungen. Individuelle Kundenw\u00fcnsche m\u00f6glich.\" \/>\n<meta property=\"og:url\" content=\"https:\/\/hydraulicsmeetselectronics.de\/de\/produkte\/\" \/>\n<meta property=\"og:site_name\" content=\"W.E.St. Elektronik GmbH \u2013 elektronischen Baugruppen f\u00fcr hydraulische Anwendungen\" \/>\n<meta property=\"article:modified_time\" content=\"2025-07-23T13:59:29+00:00\" \/>\n<meta name=\"twitter:card\" content=\"summary_large_image\" \/>\n<meta name=\"twitter:label1\" content=\"Gesch\u00e4tzte Lesezeit\" \/>\n\t<meta name=\"twitter:data1\" content=\"1\u00a0Minute\" \/>\n<script type=\"application\/ld+json\" class=\"yoast-schema-graph\">{\"@context\":\"https:\\\/\\\/schema.org\",\"@graph\":[{\"@type\":\"WebPage\",\"@id\":\"https:\\\/\\\/hydraulicsmeetselectronics.de\\\/produkte\\\/\",\"url\":\"https:\\\/\\\/hydraulicsmeetselectronics.de\\\/produkte\\\/\",\"name\":\"Produkte - W.E.St. Elektronik GmbH \u2013 elektronischen Baugruppen f\u00fcr hydraulische Anwendungen\",\"isPartOf\":{\"@id\":\"https:\\\/\\\/hydraulicsmeetselectronics.de\\\/#website\"},\"datePublished\":\"2021-08-26T09:50:22+00:00\",\"dateModified\":\"2025-07-23T13:59:29+00:00\",\"description\":\"Die WEST Elektronik GmbH entwickelt und produziert elektronische Baugruppen f\u00fcr hydraulische Anwendungen. Individuelle Kundenw\u00fcnsche m\u00f6glich.\",\"breadcrumb\":{\"@id\":\"https:\\\/\\\/hydraulicsmeetselectronics.de\\\/produkte\\\/#breadcrumb\"},\"inLanguage\":\"de\",\"potentialAction\":[{\"@type\":\"ReadAction\",\"target\":[\"https:\\\/\\\/hydraulicsmeetselectronics.de\\\/produkte\\\/\"]}]},{\"@type\":\"BreadcrumbList\",\"@id\":\"https:\\\/\\\/hydraulicsmeetselectronics.de\\\/produkte\\\/#breadcrumb\",\"itemListElement\":[{\"@type\":\"ListItem\",\"position\":1,\"name\":\"Startseite\",\"item\":\"https:\\\/\\\/hydraulicsmeetselectronics.de\\\/\"},{\"@type\":\"ListItem\",\"position\":2,\"name\":\"Produkte\"}]},{\"@type\":\"WebSite\",\"@id\":\"https:\\\/\\\/hydraulicsmeetselectronics.de\\\/#website\",\"url\":\"https:\\\/\\\/hydraulicsmeetselectronics.de\\\/\",\"name\":\"W.E.St. Elektronik GmbH \u2013 elektronischen Baugruppen f\u00fcr hydraulische Anwendungen\",\"description\":\"Analoge und digitale Leistungsverst\u00e4rker, Positioniermodule, Druckregelungen, Gleichlaufregelmodule, Pumpenregelungen und Feldbusankopplung.\",\"potentialAction\":[{\"@type\":\"SearchAction\",\"target\":{\"@type\":\"EntryPoint\",\"urlTemplate\":\"https:\\\/\\\/hydraulicsmeetselectronics.de\\\/?s={search_term_string}\"},\"query-input\":{\"@type\":\"PropertyValueSpecification\",\"valueRequired\":true,\"valueName\":\"search_term_string\"}}],\"inLanguage\":\"de\"}]}<\/script>\n<!-- \/ Yoast SEO plugin. -->","yoast_head_json":{"title":"Produkte - W.E.St. Elektronik GmbH \u2013 elektronischen Baugruppen f\u00fcr hydraulische Anwendungen","description":"Die WEST Elektronik GmbH entwickelt und produziert elektronische Baugruppen f\u00fcr hydraulische Anwendungen. Individuelle Kundenw\u00fcnsche m\u00f6glich.","robots":{"index":"index","follow":"follow","max-snippet":"max-snippet:-1","max-image-preview":"max-image-preview:large","max-video-preview":"max-video-preview:-1"},"canonical":"https:\/\/hydraulicsmeetselectronics.de\/de\/produkte\/","og_locale":"de_DE","og_type":"article","og_title":"Produkte - W.E.St. Elektronik GmbH \u2013 elektronischen Baugruppen f\u00fcr hydraulische Anwendungen","og_description":"Die WEST Elektronik GmbH entwickelt und produziert elektronische Baugruppen f\u00fcr hydraulische Anwendungen. Individuelle Kundenw\u00fcnsche m\u00f6glich.","og_url":"https:\/\/hydraulicsmeetselectronics.de\/de\/produkte\/","og_site_name":"W.E.St. Elektronik GmbH \u2013 elektronischen Baugruppen f\u00fcr hydraulische Anwendungen","article_modified_time":"2025-07-23T13:59:29+00:00","twitter_card":"summary_large_image","twitter_misc":{"Gesch\u00e4tzte Lesezeit":"1\u00a0Minute"},"schema":{"@context":"https:\/\/schema.org","@graph":[{"@type":"WebPage","@id":"https:\/\/hydraulicsmeetselectronics.de\/produkte\/","url":"https:\/\/hydraulicsmeetselectronics.de\/produkte\/","name":"Produkte - W.E.St. Elektronik GmbH \u2013 elektronischen Baugruppen f\u00fcr hydraulische Anwendungen","isPartOf":{"@id":"https:\/\/hydraulicsmeetselectronics.de\/#website"},"datePublished":"2021-08-26T09:50:22+00:00","dateModified":"2025-07-23T13:59:29+00:00","description":"Die WEST Elektronik GmbH entwickelt und produziert elektronische Baugruppen f\u00fcr hydraulische Anwendungen. Individuelle Kundenw\u00fcnsche m\u00f6glich.","breadcrumb":{"@id":"https:\/\/hydraulicsmeetselectronics.de\/produkte\/#breadcrumb"},"inLanguage":"de","potentialAction":[{"@type":"ReadAction","target":["https:\/\/hydraulicsmeetselectronics.de\/produkte\/"]}]},{"@type":"BreadcrumbList","@id":"https:\/\/hydraulicsmeetselectronics.de\/produkte\/#breadcrumb","itemListElement":[{"@type":"ListItem","position":1,"name":"Startseite","item":"https:\/\/hydraulicsmeetselectronics.de\/"},{"@type":"ListItem","position":2,"name":"Produkte"}]},{"@type":"WebSite","@id":"https:\/\/hydraulicsmeetselectronics.de\/#website","url":"https:\/\/hydraulicsmeetselectronics.de\/","name":"W.E.St. Elektronik GmbH \u2013 elektronischen Baugruppen f\u00fcr hydraulische Anwendungen","description":"Analoge und digitale Leistungsverst\u00e4rker, Positioniermodule, Druckregelungen, Gleichlaufregelmodule, Pumpenregelungen und Feldbusankopplung.","potentialAction":[{"@type":"SearchAction","target":{"@type":"EntryPoint","urlTemplate":"https:\/\/hydraulicsmeetselectronics.de\/?s={search_term_string}"},"query-input":{"@type":"PropertyValueSpecification","valueRequired":true,"valueName":"search_term_string"}}],"inLanguage":"de"}]}},"_links":{"self":[{"href":"https:\/\/hydraulicsmeetselectronics.de\/de\/wp-json\/wp\/v2\/pages\/10","targetHints":{"allow":["GET"]}}],"collection":[{"href":"https:\/\/hydraulicsmeetselectronics.de\/de\/wp-json\/wp\/v2\/pages"}],"about":[{"href":"https:\/\/hydraulicsmeetselectronics.de\/de\/wp-json\/wp\/v2\/types\/page"}],"author":[{"embeddable":true,"href":"https:\/\/hydraulicsmeetselectronics.de\/de\/wp-json\/wp\/v2\/users\/2"}],"replies":[{"embeddable":true,"href":"https:\/\/hydraulicsmeetselectronics.de\/de\/wp-json\/wp\/v2\/comments?post=10"}],"version-history":[{"count":85,"href":"https:\/\/hydraulicsmeetselectronics.de\/de\/wp-json\/wp\/v2\/pages\/10\/revisions"}],"predecessor-version":[{"id":3745,"href":"https:\/\/hydraulicsmeetselectronics.de\/de\/wp-json\/wp\/v2\/pages\/10\/revisions\/3745"}],"wp:attachment":[{"href":"https:\/\/hydraulicsmeetselectronics.de\/de\/wp-json\/wp\/v2\/media?parent=10"}],"curies":[{"name":"wp","href":"https:\/\/api.w.org\/{rel}","templated":true}]}}