{"id":25,"date":"2021-08-26T12:16:56","date_gmt":"2021-08-26T10:16:56","guid":{"rendered":"https:\/\/hydraulicsmeetselectronics.de\/?page_id=25"},"modified":"2022-08-23T13:43:02","modified_gmt":"2022-08-23T11:43:02","slug":"impressum","status":"publish","type":"page","link":"https:\/\/hydraulicsmeetselectronics.de\/de\/impressum\/","title":{"rendered":"Impressum"},"content":{"rendered":"<div id=\"pl-25\"  class=\"panel-layout\" ><div id=\"pg-25-0\"  class=\"panel-grid panel-no-style\" ><div id=\"pgc-25-0-0\"  class=\"panel-grid-cell\" ><div id=\"panel-25-0-0-0\" class=\"so-panel widget widget_sow-editor panel-first-child panel-last-child\" data-index=\"0\" ><div class=\"inner imprint panel-widget-style panel-widget-style-for-25-0-0-0\" ><div\n\t\t\t\n\t\t\tclass=\"so-widget-sow-editor so-widget-sow-editor-base\"\n\t\t\t\n\t\t>\n<div class=\"siteorigin-widget-tinymce textwidget\">\n\t<header class=\"entry-header\"><\/header>\n<header class=\"entry-header\">\n<h1 class=\"entry-title\">Impressum<\/h1>\n<p>&nbsp;<\/p>\n<\/header>\n<div class=\"entry-content\">\n<h2>W.E.ST. Elektronik GmbH<\/h2>\n<p>&nbsp;<\/p>\n<p>Gem\u00e4\u00df \u00a7 28 BDSG widersprechen wir jeder kommerziellen Verwendung und Weitergabe unserer Daten.<\/p>\n<p>&nbsp;<\/p>\n<p><strong>Verantwortungsbereich:\u00a0<\/strong>Das Impressum gilt nur f\u00fcr die Internetpr\u00e4senz<\/p>\n<p>&nbsp;<\/p>\n<p>unter der Adresse:\u00a0<a title=\"www.w-e-st.de\" href=\"https:\/\/www.w-e-st.de\/\">www.w-e-st.de.<\/a><\/p>\n<p>&nbsp;<\/p>\n<p><strong>Diensteanbieter:<\/strong>\u00a0W.E.St. Elektronik GmbH<\/p>\n<p>&nbsp;<\/p>\n<p><strong>Registergericht:\u00a0<\/strong>M\u00f6nchengladbach, HRB 12047\u00a0<strong>\u00a0<\/strong><\/p>\n<p>&nbsp;<\/p>\n<p><strong>Gesch\u00e4ftsf\u00fchrer:<\/strong>\u00a0Thomas Helpenstein, Johan Andreas L\u00e1z\u00e1r<\/p>\n<p>&nbsp;<\/p>\n<p><strong>Anschrift:<\/strong>\u00a0Gewerbering 31, 41372 Niederkr\u00fcchten<\/p>\n<p>&nbsp;<\/p>\n<p><strong>Elektronische Postadresse:\u00a0<\/strong><a href=\"mailto:contact@w-e-st.de\">contact@w-e-st.de<\/a><\/p>\n<p>&nbsp;<\/p>\n<p><strong>Telefon- und Faxnummer:<\/strong>\u00a0Tel. +49 (0)2163 577 355-0, Fax. +49 (0)2163 577 355-11<\/p>\n<p>&nbsp;<\/p>\n<p><strong>Umsatzsteuer&shy;identifikationsnummer:<\/strong> DE814820009<\/p>\n<p>&nbsp;<\/p>\n<p><strong>Urheberschutz und Nutzung<\/strong><\/p>\n<p>&nbsp;<\/p>\n<p>Der Urheber r\u00e4umt Ihnen ganz konkret das Nutzungsrecht ein, sich eine private Kopie f\u00fcr pers\u00f6nliche Zwecke anzufertigen. Nicht berechtigt sind Sie dagegen, die Materialien zu ver\u00e4ndern und\/oder weiter zu geben oder gar selbst zu ver\u00f6ffentlichen. Wenn nicht ausdr\u00fccklich anders vermerkt, liegen die Urheberrechte f\u00fcr\u00a0<strong>Texte<\/strong>\u00a0bei: W.E.ST. Elektronik GmbH<\/p>\n<p>&nbsp;<\/p>\n<p>Die meisten\u00a0<strong>Illustrationen<\/strong>\u00a0unterliegen den Urheberrechten von: W.E.St. Elektronik GmbH<\/p>\n<p>&nbsp;<\/p>\n<p><strong>Keine Haftung:<\/strong>\u00a0Die Inhalte dieses Webprojektes wurden sorgf\u00e4ltig gepr\u00fcft und nach bestem Wissen erstellt. Aber f\u00fcr die hier angebotenen Informationen wird kein Anspruch auf Vollst\u00e4ndigkeit, Aktualit\u00e4t, Qualit\u00e4t und Richtigkeit erhoben. Es kann keine Verantwortung auf die Inhalte dieser Website oder deren Gebrauch entstehen.<\/p>\n<p>&nbsp;<\/p>\n<p><strong>Schutzrechtsverletzung:<\/strong>\u00a0Falls Sie vermuten, dass von dieser Website aus eines Ihrer Schutzrechte verletzt wird, teilen Sie das bitte umgehend per elektronischer Post mit, damit z\u00fcgig Abhilfe geschafft werden kann. Bitte nehmen Sie zur Kenntnis: Die zeitaufw\u00e4ndigere Einschaltung eines Anwaltes zur f\u00fcr den Diensteanbieter kostenpflichtigen Abmahnung entspricht nicht dessen wirklichen oder mutma\u00dflichen Willen.<\/p>\n<p>&nbsp;<\/p>\n<p><strong>Hinweis zu allen Links auf dieser Homepage:<\/strong>\u00a0Das Landgericht (LG) Hamburg hat mit Urteil vom 12. Mai 1998 \u2013 312 O 85\/98 \u2013 \u201cHaftung f\u00fcr Links\u201d entschieden, dass man durch die Anbringung eines Links die Inhalte der gelinkten Seite ggf. mit zu verantworten hat. Dies kann laut Landgericht Hamburg nur dadurch verhindert werden, dass man sich ausdr\u00fccklich von diesen Inhalten distanziert. Hiermit distanzieren wir uns ausdr\u00fccklich von allen Inhalten, welche durch Links auf unserer Homepage erreicht werden k\u00f6nnten. Die alleinige Verantwortung liegt beim jeweiligen Anbieter. Diese Erkl\u00e4rung gilt f\u00fcr alle auf unserer Homepage angebrachten Links.<\/p>\n<p>&nbsp;<\/p>\n<\/div>\n<\/div>\n<\/div><\/div><\/div><\/div><\/div><\/div>","protected":false},"excerpt":{"rendered":"<p>Impressum &nbsp; W.E.ST. Elektronik GmbH &nbsp; Gem\u00e4\u00df \u00a7 28 BDSG widersprechen wir jeder kommerziellen Verwendung und Weitergabe unserer Daten. &nbsp; Verantwortungsbereich:\u00a0Das Impressum gilt nur f\u00fcr die Internetpr\u00e4senz &nbsp; unter der Adresse:\u00a0www.w-e-st.de. &nbsp; Diensteanbieter:\u00a0W.E.St. Elektronik GmbH &nbsp; Registergericht:\u00a0M\u00f6nchengladbach, HRB 12047\u00a0\u00a0 &nbsp; Gesch\u00e4ftsf\u00fchrer:\u00a0Thomas Helpenstein, Johan Andreas L\u00e1z\u00e1r &nbsp; Anschrift:\u00a0Gewerbering 31, 41372 Niederkr\u00fcchten &nbsp; Elektronische Postadresse:\u00a0contact@w-e-st.de &nbsp; Telefon- [&hellip;]<\/p>\n","protected":false},"author":2,"featured_media":0,"parent":0,"menu_order":0,"comment_status":"closed","ping_status":"closed","template":"","meta":{"_acf_changed":false,"footnotes":""},"class_list":["post-25","page","type-page","status-publish","hentry"],"acf":[],"yoast_head":"<!-- This site is optimized with the Yoast SEO plugin v27.5 - https:\/\/yoast.com\/product\/yoast-seo-wordpress\/ -->\n<title>Impressum - W.E.St. Elektronik GmbH \u2013 elektronischen Baugruppen f\u00fcr hydraulische Anwendungen<\/title>\n<meta name=\"description\" content=\"Die WEST Elektronik GmbH entwickelt und produziert elektronische Baugruppen f\u00fcr hydraulische Anwendungen. Individuelle Kundenw\u00fcnsche m\u00f6glich.\" \/>\n<meta name=\"robots\" content=\"index, follow, max-snippet:-1, max-image-preview:large, max-video-preview:-1\" \/>\n<link rel=\"canonical\" href=\"https:\/\/hydraulicsmeetselectronics.de\/de\/impressum\/\" \/>\n<meta property=\"og:locale\" content=\"de_DE\" \/>\n<meta property=\"og:type\" content=\"article\" \/>\n<meta property=\"og:title\" content=\"Impressum - W.E.St. Elektronik GmbH \u2013 elektronischen Baugruppen f\u00fcr hydraulische Anwendungen\" \/>\n<meta property=\"og:description\" content=\"Die WEST Elektronik GmbH entwickelt und produziert elektronische Baugruppen f\u00fcr hydraulische Anwendungen. Individuelle Kundenw\u00fcnsche m\u00f6glich.\" \/>\n<meta property=\"og:url\" content=\"https:\/\/hydraulicsmeetselectronics.de\/de\/impressum\/\" \/>\n<meta property=\"og:site_name\" content=\"W.E.St. Elektronik GmbH \u2013 elektronischen Baugruppen f\u00fcr hydraulische Anwendungen\" \/>\n<meta property=\"article:modified_time\" content=\"2022-08-23T11:43:02+00:00\" \/>\n<meta name=\"twitter:card\" content=\"summary_large_image\" \/>\n<meta name=\"twitter:label1\" content=\"Gesch\u00e4tzte Lesezeit\" \/>\n\t<meta name=\"twitter:data1\" content=\"2\u00a0Minuten\" \/>\n<script type=\"application\/ld+json\" class=\"yoast-schema-graph\">{\"@context\":\"https:\\\/\\\/schema.org\",\"@graph\":[{\"@type\":\"WebPage\",\"@id\":\"https:\\\/\\\/hydraulicsmeetselectronics.de\\\/impressum\\\/\",\"url\":\"https:\\\/\\\/hydraulicsmeetselectronics.de\\\/impressum\\\/\",\"name\":\"Impressum - W.E.St. Elektronik GmbH \u2013 elektronischen Baugruppen f\u00fcr hydraulische Anwendungen\",\"isPartOf\":{\"@id\":\"https:\\\/\\\/hydraulicsmeetselectronics.de\\\/#website\"},\"datePublished\":\"2021-08-26T10:16:56+00:00\",\"dateModified\":\"2022-08-23T11:43:02+00:00\",\"description\":\"Die WEST Elektronik GmbH entwickelt und produziert elektronische Baugruppen f\u00fcr hydraulische Anwendungen. Individuelle Kundenw\u00fcnsche m\u00f6glich.\",\"breadcrumb\":{\"@id\":\"https:\\\/\\\/hydraulicsmeetselectronics.de\\\/impressum\\\/#breadcrumb\"},\"inLanguage\":\"de\",\"potentialAction\":[{\"@type\":\"ReadAction\",\"target\":[\"https:\\\/\\\/hydraulicsmeetselectronics.de\\\/impressum\\\/\"]}]},{\"@type\":\"BreadcrumbList\",\"@id\":\"https:\\\/\\\/hydraulicsmeetselectronics.de\\\/impressum\\\/#breadcrumb\",\"itemListElement\":[{\"@type\":\"ListItem\",\"position\":1,\"name\":\"Startseite\",\"item\":\"https:\\\/\\\/hydraulicsmeetselectronics.de\\\/\"},{\"@type\":\"ListItem\",\"position\":2,\"name\":\"Impressum\"}]},{\"@type\":\"WebSite\",\"@id\":\"https:\\\/\\\/hydraulicsmeetselectronics.de\\\/#website\",\"url\":\"https:\\\/\\\/hydraulicsmeetselectronics.de\\\/\",\"name\":\"W.E.St. Elektronik GmbH \u2013 elektronischen Baugruppen f\u00fcr hydraulische Anwendungen\",\"description\":\"Analoge und digitale Leistungsverst\u00e4rker, Positioniermodule, Druckregelungen, Gleichlaufregelmodule, Pumpenregelungen und Feldbusankopplung.\",\"potentialAction\":[{\"@type\":\"SearchAction\",\"target\":{\"@type\":\"EntryPoint\",\"urlTemplate\":\"https:\\\/\\\/hydraulicsmeetselectronics.de\\\/?s={search_term_string}\"},\"query-input\":{\"@type\":\"PropertyValueSpecification\",\"valueRequired\":true,\"valueName\":\"search_term_string\"}}],\"inLanguage\":\"de\"}]}<\/script>\n<!-- \/ Yoast SEO plugin. -->","yoast_head_json":{"title":"Impressum - W.E.St. Elektronik GmbH \u2013 elektronischen Baugruppen f\u00fcr hydraulische Anwendungen","description":"Die WEST Elektronik GmbH entwickelt und produziert elektronische Baugruppen f\u00fcr hydraulische Anwendungen. Individuelle Kundenw\u00fcnsche m\u00f6glich.","robots":{"index":"index","follow":"follow","max-snippet":"max-snippet:-1","max-image-preview":"max-image-preview:large","max-video-preview":"max-video-preview:-1"},"canonical":"https:\/\/hydraulicsmeetselectronics.de\/de\/impressum\/","og_locale":"de_DE","og_type":"article","og_title":"Impressum - W.E.St. Elektronik GmbH \u2013 elektronischen Baugruppen f\u00fcr hydraulische Anwendungen","og_description":"Die WEST Elektronik GmbH entwickelt und produziert elektronische Baugruppen f\u00fcr hydraulische Anwendungen. Individuelle Kundenw\u00fcnsche m\u00f6glich.","og_url":"https:\/\/hydraulicsmeetselectronics.de\/de\/impressum\/","og_site_name":"W.E.St. Elektronik GmbH \u2013 elektronischen Baugruppen f\u00fcr hydraulische Anwendungen","article_modified_time":"2022-08-23T11:43:02+00:00","twitter_card":"summary_large_image","twitter_misc":{"Gesch\u00e4tzte Lesezeit":"2\u00a0Minuten"},"schema":{"@context":"https:\/\/schema.org","@graph":[{"@type":"WebPage","@id":"https:\/\/hydraulicsmeetselectronics.de\/impressum\/","url":"https:\/\/hydraulicsmeetselectronics.de\/impressum\/","name":"Impressum - W.E.St. Elektronik GmbH \u2013 elektronischen Baugruppen f\u00fcr hydraulische Anwendungen","isPartOf":{"@id":"https:\/\/hydraulicsmeetselectronics.de\/#website"},"datePublished":"2021-08-26T10:16:56+00:00","dateModified":"2022-08-23T11:43:02+00:00","description":"Die WEST Elektronik GmbH entwickelt und produziert elektronische Baugruppen f\u00fcr hydraulische Anwendungen. Individuelle Kundenw\u00fcnsche m\u00f6glich.","breadcrumb":{"@id":"https:\/\/hydraulicsmeetselectronics.de\/impressum\/#breadcrumb"},"inLanguage":"de","potentialAction":[{"@type":"ReadAction","target":["https:\/\/hydraulicsmeetselectronics.de\/impressum\/"]}]},{"@type":"BreadcrumbList","@id":"https:\/\/hydraulicsmeetselectronics.de\/impressum\/#breadcrumb","itemListElement":[{"@type":"ListItem","position":1,"name":"Startseite","item":"https:\/\/hydraulicsmeetselectronics.de\/"},{"@type":"ListItem","position":2,"name":"Impressum"}]},{"@type":"WebSite","@id":"https:\/\/hydraulicsmeetselectronics.de\/#website","url":"https:\/\/hydraulicsmeetselectronics.de\/","name":"W.E.St. Elektronik GmbH \u2013 elektronischen Baugruppen f\u00fcr hydraulische Anwendungen","description":"Analoge und digitale Leistungsverst\u00e4rker, Positioniermodule, Druckregelungen, Gleichlaufregelmodule, Pumpenregelungen und Feldbusankopplung.","potentialAction":[{"@type":"SearchAction","target":{"@type":"EntryPoint","urlTemplate":"https:\/\/hydraulicsmeetselectronics.de\/?s={search_term_string}"},"query-input":{"@type":"PropertyValueSpecification","valueRequired":true,"valueName":"search_term_string"}}],"inLanguage":"de"}]}},"_links":{"self":[{"href":"https:\/\/hydraulicsmeetselectronics.de\/de\/wp-json\/wp\/v2\/pages\/25","targetHints":{"allow":["GET"]}}],"collection":[{"href":"https:\/\/hydraulicsmeetselectronics.de\/de\/wp-json\/wp\/v2\/pages"}],"about":[{"href":"https:\/\/hydraulicsmeetselectronics.de\/de\/wp-json\/wp\/v2\/types\/page"}],"author":[{"embeddable":true,"href":"https:\/\/hydraulicsmeetselectronics.de\/de\/wp-json\/wp\/v2\/users\/2"}],"replies":[{"embeddable":true,"href":"https:\/\/hydraulicsmeetselectronics.de\/de\/wp-json\/wp\/v2\/comments?post=25"}],"version-history":[{"count":31,"href":"https:\/\/hydraulicsmeetselectronics.de\/de\/wp-json\/wp\/v2\/pages\/25\/revisions"}],"predecessor-version":[{"id":3969,"href":"https:\/\/hydraulicsmeetselectronics.de\/de\/wp-json\/wp\/v2\/pages\/25\/revisions\/3969"}],"wp:attachment":[{"href":"https:\/\/hydraulicsmeetselectronics.de\/de\/wp-json\/wp\/v2\/media?parent=25"}],"curies":[{"name":"wp","href":"https:\/\/api.w.org\/{rel}","templated":true}]}}