{"id":14,"date":"2021-08-26T11:50:45","date_gmt":"2021-08-26T09:50:45","guid":{"rendered":"https:\/\/hydraulicsmeetselectronics.de\/?page_id=14"},"modified":"2025-08-12T14:13:29","modified_gmt":"2025-08-12T12:13:29","slug":"unternehmen","status":"publish","type":"page","link":"https:\/\/hydraulicsmeetselectronics.de\/en\/unternehmen\/","title":{"rendered":"Company Profile"},"content":{"rendered":"<div id=\"pl-14\"  class=\"panel-layout\" ><div id=\"pg-14-0\"  class=\"panel-grid panel-no-style\" ><div id=\"pgc-14-0-0\"  class=\"panel-grid-cell\" ><div id=\"panel-14-0-0-0\" class=\"widget_text so-panel widget widget_custom_html panel-first-child panel-last-child\" data-index=\"0\" ><div class=\"textwidget custom-html-widget\"><div class='white' style='background:rgba(0,0,0,0); border:solid 0px rgba(0,0,0,0); border-radius:0px; padding:0px 0px 0px 0px;'>\n<div id='slider_204' class='owl-carousel sa_owl_theme ' data-slider-id='slider_204' style='visibility:hidden;'>\n<div id='slider_204_slide01' class='sa_hover_container' style='padding:0% 0%; margin:0px 0%; background-image:url(&quot;https:\/\/hydraulicsmeetselectronics.de\/wp-content\/uploads\/2025\/11\/W.E.ST_.-Elektronik-Businessfotos-Ulrike-Bessel-Fotografie-29-scaled.jpg&quot;); background-position:center center; background-size:100% 100%; background-repeat:no-repeat; min-height:800px; '><p><img loading=\"lazy\" decoding=\"async\" class=\"alignnone wp-image-54\" role=\"img\" src=\"https:\/\/hydraulicsmeetselectronics.de\/wp-content\/uploads\/2021\/08\/Logo_rz_bildmarke_farbig_rgb.svg\" alt=\"\" width=\"143\" height=\"60\" \/><\/p>\r\n<h1><span style=\"color: #ffffff\"><strong>Schnell<br \/>Pers\u00f6nlich<br \/>Kompetent<br \/><\/strong><\/span><\/h1>\r\n<h3><span style=\"color: #ffffff\">Electronics meets Hydraulics<\/span><\/h3><\/div>\n<div id='slider_204_slide02' class='sa_hover_container' style='padding:0% 0%; margin:0px 0%; background-image:url(&quot;https:\/\/hydraulicsmeetselectronics.de\/wp-content\/uploads\/2022\/03\/Header_Geschichte.jpg&quot;); background-position:center center; background-size:100% 100%; background-repeat:no-repeat; min-height:800px; '><p><img loading=\"lazy\" decoding=\"async\" class=\"alignnone wp-image-54\" role=\"img\" src=\"https:\/\/hydraulicsmeetselectronics.de\/wp-content\/uploads\/2021\/08\/Logo_rz_bildmarke_farbig_rgb.svg\" alt=\"\" width=\"143\" height=\"60\" \/><\/p>\r\n<h1><span style=\"color: #ffffff\"><strong>Sorgfalt<br \/>Erfahrung<br \/>Flexibili\u00e4t<\/strong><\/span><\/h1>\r\n<h3><span style=\"color: #ffffff\">Electronics meets Hydraulics<\/span><\/h3><\/div>\n<div id='slider_204_slide03' class='sa_hover_container' style='padding:0% 0%; margin:0px 0%; background-image:url(&quot;https:\/\/hydraulicsmeetselectronics.de\/wp-content\/uploads\/2022\/06\/Header_Up2date51.jpg&quot;); background-position:center center; background-size:100% 100%; background-repeat:no-repeat; min-height:800px; '><p><img loading=\"lazy\" decoding=\"async\" class=\"alignnone wp-image-54\" role=\"img\" src=\"https:\/\/hydraulicsmeetselectronics.de\/wp-content\/uploads\/2021\/08\/Logo_rz_bildmarke_farbig_rgb.svg\" alt=\"\" width=\"143\" height=\"60\" \/><\/p>\r\n<h1><span style=\"color: #ffffff\"><strong>Universell<br \/>Pr\u00e4zise<br \/>Individuell<br \/><\/strong><\/span><\/h1>\r\n<h3><span style=\"color: #ffffff\">Electronics meets Hydraulics<\/span><\/h3><\/div>\n<\/div>\n<\/div>\n<script type='text\/javascript'>\n\tjQuery(document).ready(function() {\n\t\tjQuery('#slider_204').owlCarousel({\n\t\t\titems : 1,\n\t\t\tsmartSpeed : 1000,\n\t\t\tautoplay : true,\n\t\t\tautoplayTimeout : 5000,\n\t\t\tautoplayHoverPause : true,\n\t\t\tsmartSpeed : 1000,\n\t\t\tfluidSpeed : 1000,\n\t\t\tautoplaySpeed : 1000,\n\t\t\tnavSpeed : 1000,\n\t\t\tdotsSpeed : 1000,\n\t\t\tloop : true,\n\t\t\tnav : true,\n\t\t\tnavText : ['Previous','Next'],\n\t\t\tdots : false,\n\t\t\tresponsiveRefreshRate : 200,\n\t\t\tslideBy : 1,\n\t\t\tmergeFit : true,\n\t\t\tautoHeight : false,\n\t\t\tmouseDrag : false,\n\t\t\ttouchDrag : true\n\t\t});\n\t\tjQuery('#slider_204').css('visibility', 'visible');\n\t\tvar owl_goto = jQuery('#slider_204');\n\t\tjQuery('.slider_204_goto1').click(function(event){\n\t\t\towl_goto.trigger('to.owl.carousel', 0);\n\t\t});\n\t\tjQuery('.slider_204_goto2').click(function(event){\n\t\t\towl_goto.trigger('to.owl.carousel', 1);\n\t\t});\n\t\tjQuery('.slider_204_goto3').click(function(event){\n\t\t\towl_goto.trigger('to.owl.carousel', 2);\n\t\t});\n\t\tvar resize_493 = jQuery('.owl-carousel');\n\t\tresize_493.on('initialized.owl.carousel', function(e) {\n\t\t\tif (typeof(Event) === 'function') {\n\t\t\t\twindow.dispatchEvent(new Event('resize'));\n\t\t\t} else {\n\t\t\t\tvar evt = window.document.createEvent('UIEvents');\n\t\t\t\tevt.initUIEvent('resize', true, false, window, 0);\n\t\t\t\twindow.dispatchEvent(evt);\n\t\t\t}\n\t\t});\n\t});\n<\/script>\n<\/div><\/div><\/div><\/div><div id=\"pg-14-1\"  class=\"panel-grid panel-no-style\" ><div id=\"pgc-14-1-0\"  class=\"panel-grid-cell\" ><div id=\"panel-14-1-0-0\" class=\"so-panel widget widget_sow-editor panel-first-child panel-last-child\" data-index=\"1\" ><div class=\"inner mb-4 mt-4 panel-widget-style panel-widget-style-for-14-1-0-0\" ><div\n\t\t\t\n\t\t\tclass=\"so-widget-sow-editor so-widget-sow-editor-base\"\n\t\t\t\n\t\t>\n<div class=\"siteorigin-widget-tinymce textwidget\">\n\t<h2 style=\"text-align: center;\"><span class=\"transform-none font-weight-400\">Das sind<\/span> <em class=\"pink\">WIR<\/em><\/h2>\n<p style=\"text-align: center;\">\n<\/div>\n<\/div><\/div><\/div><\/div><\/div><div id=\"pg-14-2\"  class=\"panel-grid panel-has-style\" ><div class=\"border-bot-pink panel-row-style panel-row-style-for-14-2\" ><div id=\"pgc-14-2-0\"  class=\"panel-grid-cell\" ><div id=\"panel-14-2-0-0\" class=\"so-panel widget widget_siteorigin-panels-builder panel-first-child panel-last-child\" data-index=\"2\" ><div class=\"inner panel-widget-style panel-widget-style-for-14-2-0-0\" ><div id=\"pl-w689b2fe93b601\"  class=\"panel-layout\" ><div id=\"pg-w689b2fe93b601-0\"  class=\"panel-grid panel-has-style\" ><div class=\"flex-reverse contact-flex panel-row-style panel-row-style-for-w689b2fe93b601-0\" ><div id=\"pgc-w689b2fe93b601-0-0\"  class=\"panel-grid-cell\" ><div id=\"panel-w689b2fe93b601-0-0-0\" class=\"so-panel widget widget_sow-image panel-first-child panel-last-child\" data-index=\"0\" ><div\n\t\t\t\n\t\t\tclass=\"so-widget-sow-image so-widget-sow-image-default-8b5b6f678277\"\n\t\t\t\n\t\t>\n<div class=\"sow-image-container\">\n\t\t<img \n\tsrc=\"https:\/\/hydraulicsmeetselectronics.de\/wp-content\/uploads\/2022\/02\/GW2-scaled.jpg\" width=\"2560\" height=\"1678\" srcset=\"https:\/\/hydraulicsmeetselectronics.de\/wp-content\/uploads\/2022\/02\/GW2-scaled.jpg 2560w, https:\/\/hydraulicsmeetselectronics.de\/wp-content\/uploads\/2022\/02\/GW2-300x197.jpg 300w, https:\/\/hydraulicsmeetselectronics.de\/wp-content\/uploads\/2022\/02\/GW2-1024x671.jpg 1024w, https:\/\/hydraulicsmeetselectronics.de\/wp-content\/uploads\/2022\/02\/GW2-768x503.jpg 768w, https:\/\/hydraulicsmeetselectronics.de\/wp-content\/uploads\/2022\/02\/GW2-1536x1007.jpg 1536w, https:\/\/hydraulicsmeetselectronics.de\/wp-content\/uploads\/2022\/02\/GW2-2048x1342.jpg 2048w, https:\/\/hydraulicsmeetselectronics.de\/wp-content\/uploads\/2022\/02\/GW2-24x16.jpg 24w, https:\/\/hydraulicsmeetselectronics.de\/wp-content\/uploads\/2022\/02\/GW2-36x24.jpg 36w, https:\/\/hydraulicsmeetselectronics.de\/wp-content\/uploads\/2022\/02\/GW2-48x31.jpg 48w\" sizes=\"(max-width: 2560px) 100vw, 2560px\" title=\"GW2\" alt=\"\" \t\tclass=\"so-widget-image\"\/>\n\t<\/div>\n\n<\/div><\/div><\/div><div id=\"pgc-w689b2fe93b601-0-1\"  class=\"panel-grid-cell\" ><div id=\"panel-w689b2fe93b601-0-1-0\" class=\"so-panel widget widget_sow-editor panel-first-child panel-last-child\" data-index=\"1\" ><div\n\t\t\t\n\t\t\tclass=\"so-widget-sow-editor so-widget-sow-editor-base\"\n\t\t\t\n\t\t>\n<div class=\"siteorigin-widget-tinymce textwidget\">\n\t<h2 class=\"transform-none\" style=\"text-align: center;\"><em>Unser Service<\/em><\/h2>\n<p>\u2026umfassende Beratung ohne zeitraubende Warteschleifen. Bei uns sind Sie direkt mit kompetenten Mitarbeitern verbunden, um Ihnen t\u00e4glich schnelle und pers\u00f6nliche Beratung zu garantieren. Egal welches Anliegen Sie haben - Hilfe zu Produkten bez\u00fcglich Auswahl, Funktion und Eigenschaften, Informationen \u00fcber Preis und Lieferzeiten sowie Unterst\u00fctzung bei der Inbetriebnahme und vieles mehr.<\/p>\n<\/div>\n<\/div><\/div><\/div><\/div><\/div><div id=\"pg-w689b2fe93b601-1\"  class=\"panel-grid panel-has-style\" ><div class=\"contact-flex panel-row-style panel-row-style-for-w689b2fe93b601-1\" ><div id=\"pgc-w689b2fe93b601-1-0\"  class=\"panel-grid-cell\" ><div id=\"panel-w689b2fe93b601-1-0-0\" class=\"so-panel widget widget_sow-image panel-first-child panel-last-child\" data-index=\"2\" ><div\n\t\t\t\n\t\t\tclass=\"so-widget-sow-image so-widget-sow-image-default-8b5b6f678277\"\n\t\t\t\n\t\t>\n<div class=\"sow-image-container\">\n\t\t<img \n\tsrc=\"https:\/\/hydraulicsmeetselectronics.de\/wp-content\/uploads\/2022\/06\/JP2-neu-scaled.jpg\" width=\"2560\" height=\"1678\" srcset=\"https:\/\/hydraulicsmeetselectronics.de\/wp-content\/uploads\/2022\/06\/JP2-neu-scaled.jpg 2560w, https:\/\/hydraulicsmeetselectronics.de\/wp-content\/uploads\/2022\/06\/JP2-neu-300x197.jpg 300w, https:\/\/hydraulicsmeetselectronics.de\/wp-content\/uploads\/2022\/06\/JP2-neu-1024x671.jpg 1024w, https:\/\/hydraulicsmeetselectronics.de\/wp-content\/uploads\/2022\/06\/JP2-neu-768x503.jpg 768w, https:\/\/hydraulicsmeetselectronics.de\/wp-content\/uploads\/2022\/06\/JP2-neu-1536x1007.jpg 1536w, https:\/\/hydraulicsmeetselectronics.de\/wp-content\/uploads\/2022\/06\/JP2-neu-2048x1342.jpg 2048w, https:\/\/hydraulicsmeetselectronics.de\/wp-content\/uploads\/2022\/06\/JP2-neu-24x16.jpg 24w, https:\/\/hydraulicsmeetselectronics.de\/wp-content\/uploads\/2022\/06\/JP2-neu-36x24.jpg 36w, https:\/\/hydraulicsmeetselectronics.de\/wp-content\/uploads\/2022\/06\/JP2-neu-48x31.jpg 48w\" sizes=\"(max-width: 2560px) 100vw, 2560px\" title=\"JP2 neu\" alt=\"\" \t\tclass=\"so-widget-image\"\/>\n\t<\/div>\n\n<\/div><\/div><\/div><div id=\"pgc-w689b2fe93b601-1-1\"  class=\"panel-grid-cell\" ><div id=\"panel-w689b2fe93b601-1-1-0\" class=\"so-panel widget widget_sow-editor panel-first-child panel-last-child\" data-index=\"3\" ><div\n\t\t\t\n\t\t\tclass=\"so-widget-sow-editor so-widget-sow-editor-base\"\n\t\t\t\n\t\t>\n<div class=\"siteorigin-widget-tinymce textwidget\">\n\t<h2 class=\"transform-none\" style=\"text-align: center;\"><em>Unsere Technik<\/em><\/h2>\n<p>\u2026plattformbasiert! Dies verspricht durchg\u00e4ngige Kompatibilit\u00e4t mit den g\u00e4ngigsten Proportionalventilen und gleichbleibende Abl\u00e4ufe bei der Parametrierung. \u00a0Dies spart Zeit bei der Inbetriebnahme und l\u00e4stige nachtr\u00e4gliche Anpassungen der Installation. W\u00e4hlen Sie aus unseren analogen und digitalen Verst\u00e4rkern Ihr Modul zur direkten Ansteuerung von Proportionalventilen. Oder suchen Sie sich aus den vielf\u00e4ltigen Variationen unserer Regelbaugruppen die passende L\u00f6sung f\u00fcr anspruchsvolle Regelaufgaben heraus.<\/p>\n<\/div>\n<\/div><\/div><\/div><\/div><\/div><div id=\"pg-w689b2fe93b601-2\"  class=\"panel-grid panel-has-style\" ><div class=\"flex-reverse contact-flex panel-row-style panel-row-style-for-w689b2fe93b601-2\" ><div id=\"pgc-w689b2fe93b601-2-0\"  class=\"panel-grid-cell\" ><div id=\"panel-w689b2fe93b601-2-0-0\" class=\"so-panel widget widget_sow-image panel-first-child panel-last-child\" data-index=\"4\" ><div\n\t\t\t\n\t\t\tclass=\"so-widget-sow-image so-widget-sow-image-default-8b5b6f678277\"\n\t\t\t\n\t\t>\n<div class=\"sow-image-container\">\n\t\t<img \n\tsrc=\"https:\/\/hydraulicsmeetselectronics.de\/wp-content\/uploads\/2022\/02\/NB2-scaled.jpg\" width=\"2560\" height=\"1678\" srcset=\"https:\/\/hydraulicsmeetselectronics.de\/wp-content\/uploads\/2022\/02\/NB2-scaled.jpg 2560w, https:\/\/hydraulicsmeetselectronics.de\/wp-content\/uploads\/2022\/02\/NB2-300x197.jpg 300w, https:\/\/hydraulicsmeetselectronics.de\/wp-content\/uploads\/2022\/02\/NB2-1024x671.jpg 1024w, https:\/\/hydraulicsmeetselectronics.de\/wp-content\/uploads\/2022\/02\/NB2-768x503.jpg 768w, https:\/\/hydraulicsmeetselectronics.de\/wp-content\/uploads\/2022\/02\/NB2-1536x1007.jpg 1536w, https:\/\/hydraulicsmeetselectronics.de\/wp-content\/uploads\/2022\/02\/NB2-2048x1342.jpg 2048w, https:\/\/hydraulicsmeetselectronics.de\/wp-content\/uploads\/2022\/02\/NB2-24x16.jpg 24w, https:\/\/hydraulicsmeetselectronics.de\/wp-content\/uploads\/2022\/02\/NB2-36x24.jpg 36w, https:\/\/hydraulicsmeetselectronics.de\/wp-content\/uploads\/2022\/02\/NB2-48x31.jpg 48w\" sizes=\"(max-width: 2560px) 100vw, 2560px\" title=\"NB2\" alt=\"\" \t\tclass=\"so-widget-image\"\/>\n\t<\/div>\n\n<\/div><\/div><\/div><div id=\"pgc-w689b2fe93b601-2-1\"  class=\"panel-grid-cell\" ><div id=\"panel-w689b2fe93b601-2-1-0\" class=\"so-panel widget widget_sow-editor panel-first-child panel-last-child\" data-index=\"5\" ><div\n\t\t\t\n\t\t\tclass=\"so-widget-sow-editor so-widget-sow-editor-base\"\n\t\t\t\n\t\t>\n<div class=\"siteorigin-widget-tinymce textwidget\">\n\t<h2 class=\"transform-none\" style=\"text-align: center;\"><em>Unser Team<\/em><\/h2>\n<p>Seit mehr als 20 Jahren wird die Erfahrung im stetig wachsenden Team von einem Mitglied zum anderen weitergegeben. Aktuell k\u00fcmmern sich 9 Mitarbeiter\/-innen um kaufm\u00e4nnische und technische Angelegenheiten. Mit gr\u00f6\u00dfter Sorgfalt wird hier entwickelt, montiert, gepr\u00fcft und verpackt, um h\u00f6chsten Qualit\u00e4tsanspr\u00fcchen zu gen\u00fcgen. Alle Bereiche, von der Beschaffung, Montage, \u00fcber Entwicklung und Service bis hin zum Controlling finden Sie bei uns unter einem Dach. Dadurch bleiben die Dienstwege kurz und Probleml\u00f6sungen flexibel und schnell.<\/p>\n<\/div>\n<\/div><\/div><\/div><\/div><\/div><div id=\"pg-w689b2fe93b601-3\"  class=\"panel-grid panel-has-style\" ><div class=\"contact-flex panel-row-style panel-row-style-for-w689b2fe93b601-3\" ><div id=\"pgc-w689b2fe93b601-3-0\"  class=\"panel-grid-cell\" ><div id=\"panel-w689b2fe93b601-3-0-0\" class=\"so-panel widget widget_sow-image panel-first-child panel-last-child\" data-index=\"6\" ><div\n\t\t\t\n\t\t\tclass=\"so-widget-sow-image so-widget-sow-image-default-8b5b6f678277\"\n\t\t\t\n\t\t>\n<div class=\"sow-image-container\">\n\t\t<img \n\tsrc=\"https:\/\/hydraulicsmeetselectronics.de\/wp-content\/uploads\/2021\/12\/L1710824-scaled.jpg\" width=\"2560\" height=\"1709\" srcset=\"https:\/\/hydraulicsmeetselectronics.de\/wp-content\/uploads\/2021\/12\/L1710824-scaled.jpg 2560w, https:\/\/hydraulicsmeetselectronics.de\/wp-content\/uploads\/2021\/12\/L1710824-300x200.jpg 300w, https:\/\/hydraulicsmeetselectronics.de\/wp-content\/uploads\/2021\/12\/L1710824-1024x683.jpg 1024w, https:\/\/hydraulicsmeetselectronics.de\/wp-content\/uploads\/2021\/12\/L1710824-768x513.jpg 768w, https:\/\/hydraulicsmeetselectronics.de\/wp-content\/uploads\/2021\/12\/L1710824-1536x1025.jpg 1536w, https:\/\/hydraulicsmeetselectronics.de\/wp-content\/uploads\/2021\/12\/L1710824-2048x1367.jpg 2048w, https:\/\/hydraulicsmeetselectronics.de\/wp-content\/uploads\/2021\/12\/L1710824-24x16.jpg 24w, https:\/\/hydraulicsmeetselectronics.de\/wp-content\/uploads\/2021\/12\/L1710824-36x24.jpg 36w, https:\/\/hydraulicsmeetselectronics.de\/wp-content\/uploads\/2021\/12\/L1710824-48x32.jpg 48w, https:\/\/hydraulicsmeetselectronics.de\/wp-content\/uploads\/2021\/12\/L1710824-272x182.jpg 272w\" sizes=\"(max-width: 2560px) 100vw, 2560px\" title=\"L1710824\" alt=\"\" \t\tclass=\"so-widget-image\"\/>\n\t<\/div>\n\n<\/div><\/div><\/div><div id=\"pgc-w689b2fe93b601-3-1\"  class=\"panel-grid-cell\" ><div id=\"panel-w689b2fe93b601-3-1-0\" class=\"so-panel widget widget_sow-editor panel-first-child panel-last-child\" data-index=\"7\" ><div\n\t\t\t\n\t\t\tclass=\"so-widget-sow-editor so-widget-sow-editor-base\"\n\t\t\t\n\t\t>\n<div class=\"siteorigin-widget-tinymce textwidget\">\n\t<h2 class=\"transform-none\" style=\"text-align: center;\"><em>Ihr Partner<\/em><\/h2>\n<div>\n<p>Wir entwickeln individuelle L\u00f6sungen und entwickeln exklusiv nach kundenspezifischen Anforderungen auf Basis der Produktplattformen.<br \/>\nOEM finden bei uns ein passendes Produkt f\u00fcr ihr Portfolio. Vorparametriert und von uns mit Ihrem Brand Label geliefert.<br \/>\nElektronik trifft Hydraulik \u2013 diese Vereinigung ist f\u00fcr Integratoren unverzichtbar. Ideal aufeinander abgestimmte Komponenten erm\u00f6glichen ein harmonisches System.<\/p>\n<\/div>\n<\/div>\n<\/div><\/div><\/div><\/div><\/div><\/div><\/div><\/div><\/div><\/div><\/div><\/div>","protected":false},"excerpt":{"rendered":"<p>Das sind WIR<\/p>","protected":false},"author":2,"featured_media":0,"parent":0,"menu_order":0,"comment_status":"closed","ping_status":"closed","template":"","meta":{"_acf_changed":false,"footnotes":""},"class_list":["post-14","page","type-page","status-publish","hentry"],"acf":[],"yoast_head":"<!-- This site is optimized with the Yoast SEO plugin v27.5 - https:\/\/yoast.com\/product\/yoast-seo-wordpress\/ -->\n<title>Unternehmen - W.E.St. Elektronik GmbH \u2013 elektronischen Baugruppen f\u00fcr hydraulische Anwendungen<\/title>\n<meta name=\"description\" content=\"Die WEST Elektronik GmbH entwickelt und produziert elektronische Baugruppen f\u00fcr hydraulische Anwendungen. Individuelle Kundenw\u00fcnsche m\u00f6glich.\" \/>\n<meta name=\"robots\" content=\"index, follow, max-snippet:-1, max-image-preview:large, max-video-preview:-1\" \/>\n<link rel=\"canonical\" href=\"https:\/\/hydraulicsmeetselectronics.de\/en\/unternehmen\/\" \/>\n<meta property=\"og:locale\" content=\"en_GB\" \/>\n<meta property=\"og:type\" content=\"article\" \/>\n<meta property=\"og:title\" content=\"Unternehmen - W.E.St. Elektronik GmbH \u2013 elektronischen Baugruppen f\u00fcr hydraulische Anwendungen\" \/>\n<meta property=\"og:description\" content=\"Die WEST Elektronik GmbH entwickelt und produziert elektronische Baugruppen f\u00fcr hydraulische Anwendungen. Individuelle Kundenw\u00fcnsche m\u00f6glich.\" \/>\n<meta property=\"og:url\" content=\"https:\/\/hydraulicsmeetselectronics.de\/en\/unternehmen\/\" \/>\n<meta property=\"og:site_name\" content=\"W.E.St. Elektronik GmbH \u2013 elektronischen Baugruppen f\u00fcr hydraulische Anwendungen\" \/>\n<meta property=\"article:modified_time\" content=\"2025-08-12T12:13:29+00:00\" \/>\n<meta name=\"twitter:card\" content=\"summary_large_image\" \/>\n<meta name=\"twitter:label1\" content=\"Estimated reading time\" \/>\n\t<meta name=\"twitter:data1\" content=\"3 minutes\" \/>\n<script type=\"application\/ld+json\" class=\"yoast-schema-graph\">{\"@context\":\"https:\\\/\\\/schema.org\",\"@graph\":[{\"@type\":\"WebPage\",\"@id\":\"https:\\\/\\\/hydraulicsmeetselectronics.de\\\/unternehmen\\\/\",\"url\":\"https:\\\/\\\/hydraulicsmeetselectronics.de\\\/unternehmen\\\/\",\"name\":\"Unternehmen - W.E.St. Elektronik GmbH \u2013 elektronischen Baugruppen f\u00fcr hydraulische Anwendungen\",\"isPartOf\":{\"@id\":\"https:\\\/\\\/hydraulicsmeetselectronics.de\\\/#website\"},\"datePublished\":\"2021-08-26T09:50:45+00:00\",\"dateModified\":\"2025-08-12T12:13:29+00:00\",\"description\":\"Die WEST Elektronik GmbH entwickelt und produziert elektronische Baugruppen f\u00fcr hydraulische Anwendungen. Individuelle Kundenw\u00fcnsche m\u00f6glich.\",\"breadcrumb\":{\"@id\":\"https:\\\/\\\/hydraulicsmeetselectronics.de\\\/unternehmen\\\/#breadcrumb\"},\"inLanguage\":\"en-GB\",\"potentialAction\":[{\"@type\":\"ReadAction\",\"target\":[\"https:\\\/\\\/hydraulicsmeetselectronics.de\\\/unternehmen\\\/\"]}]},{\"@type\":\"BreadcrumbList\",\"@id\":\"https:\\\/\\\/hydraulicsmeetselectronics.de\\\/unternehmen\\\/#breadcrumb\",\"itemListElement\":[{\"@type\":\"ListItem\",\"position\":1,\"name\":\"Startseite\",\"item\":\"https:\\\/\\\/hydraulicsmeetselectronics.de\\\/\"},{\"@type\":\"ListItem\",\"position\":2,\"name\":\"Unternehmen\"}]},{\"@type\":\"WebSite\",\"@id\":\"https:\\\/\\\/hydraulicsmeetselectronics.de\\\/#website\",\"url\":\"https:\\\/\\\/hydraulicsmeetselectronics.de\\\/\",\"name\":\"W.E.St. Elektronik GmbH \u2013 elektronischen Baugruppen f\u00fcr hydraulische Anwendungen\",\"description\":\"Analoge und digitale Leistungsverst\u00e4rker, Positioniermodule, Druckregelungen, Gleichlaufregelmodule, Pumpenregelungen und Feldbusankopplung.\",\"potentialAction\":[{\"@type\":\"SearchAction\",\"target\":{\"@type\":\"EntryPoint\",\"urlTemplate\":\"https:\\\/\\\/hydraulicsmeetselectronics.de\\\/?s={search_term_string}\"},\"query-input\":{\"@type\":\"PropertyValueSpecification\",\"valueRequired\":true,\"valueName\":\"search_term_string\"}}],\"inLanguage\":\"en-GB\"}]}<\/script>\n<!-- \/ Yoast SEO plugin. -->","yoast_head_json":{"title":"Unternehmen - W.E.St. Elektronik GmbH \u2013 elektronischen Baugruppen f\u00fcr hydraulische Anwendungen","description":"Die WEST Elektronik GmbH entwickelt und produziert elektronische Baugruppen f\u00fcr hydraulische Anwendungen. Individuelle Kundenw\u00fcnsche m\u00f6glich.","robots":{"index":"index","follow":"follow","max-snippet":"max-snippet:-1","max-image-preview":"max-image-preview:large","max-video-preview":"max-video-preview:-1"},"canonical":"https:\/\/hydraulicsmeetselectronics.de\/en\/unternehmen\/","og_locale":"en_GB","og_type":"article","og_title":"Unternehmen - W.E.St. Elektronik GmbH \u2013 elektronischen Baugruppen f\u00fcr hydraulische Anwendungen","og_description":"Die WEST Elektronik GmbH entwickelt und produziert elektronische Baugruppen f\u00fcr hydraulische Anwendungen. Individuelle Kundenw\u00fcnsche m\u00f6glich.","og_url":"https:\/\/hydraulicsmeetselectronics.de\/en\/unternehmen\/","og_site_name":"W.E.St. Elektronik GmbH \u2013 elektronischen Baugruppen f\u00fcr hydraulische Anwendungen","article_modified_time":"2025-08-12T12:13:29+00:00","twitter_card":"summary_large_image","twitter_misc":{"Estimated reading time":"3 minutes"},"schema":{"@context":"https:\/\/schema.org","@graph":[{"@type":"WebPage","@id":"https:\/\/hydraulicsmeetselectronics.de\/unternehmen\/","url":"https:\/\/hydraulicsmeetselectronics.de\/unternehmen\/","name":"Unternehmen - W.E.St. Elektronik GmbH \u2013 elektronischen Baugruppen f\u00fcr hydraulische Anwendungen","isPartOf":{"@id":"https:\/\/hydraulicsmeetselectronics.de\/#website"},"datePublished":"2021-08-26T09:50:45+00:00","dateModified":"2025-08-12T12:13:29+00:00","description":"Die WEST Elektronik GmbH entwickelt und produziert elektronische Baugruppen f\u00fcr hydraulische Anwendungen. Individuelle Kundenw\u00fcnsche m\u00f6glich.","breadcrumb":{"@id":"https:\/\/hydraulicsmeetselectronics.de\/unternehmen\/#breadcrumb"},"inLanguage":"en-GB","potentialAction":[{"@type":"ReadAction","target":["https:\/\/hydraulicsmeetselectronics.de\/unternehmen\/"]}]},{"@type":"BreadcrumbList","@id":"https:\/\/hydraulicsmeetselectronics.de\/unternehmen\/#breadcrumb","itemListElement":[{"@type":"ListItem","position":1,"name":"Startseite","item":"https:\/\/hydraulicsmeetselectronics.de\/"},{"@type":"ListItem","position":2,"name":"Unternehmen"}]},{"@type":"WebSite","@id":"https:\/\/hydraulicsmeetselectronics.de\/#website","url":"https:\/\/hydraulicsmeetselectronics.de\/","name":"W.E.St. Elektronik GmbH \u2013 elektronischen Baugruppen f\u00fcr hydraulische Anwendungen","description":"Analoge und digitale Leistungsverst\u00e4rker, Positioniermodule, Druckregelungen, Gleichlaufregelmodule, Pumpenregelungen und Feldbusankopplung.","potentialAction":[{"@type":"SearchAction","target":{"@type":"EntryPoint","urlTemplate":"https:\/\/hydraulicsmeetselectronics.de\/?s={search_term_string}"},"query-input":{"@type":"PropertyValueSpecification","valueRequired":true,"valueName":"search_term_string"}}],"inLanguage":"en-GB"}]}},"_links":{"self":[{"href":"https:\/\/hydraulicsmeetselectronics.de\/en\/wp-json\/wp\/v2\/pages\/14","targetHints":{"allow":["GET"]}}],"collection":[{"href":"https:\/\/hydraulicsmeetselectronics.de\/en\/wp-json\/wp\/v2\/pages"}],"about":[{"href":"https:\/\/hydraulicsmeetselectronics.de\/en\/wp-json\/wp\/v2\/types\/page"}],"author":[{"embeddable":true,"href":"https:\/\/hydraulicsmeetselectronics.de\/en\/wp-json\/wp\/v2\/users\/2"}],"replies":[{"embeddable":true,"href":"https:\/\/hydraulicsmeetselectronics.de\/en\/wp-json\/wp\/v2\/comments?post=14"}],"version-history":[{"count":401,"href":"https:\/\/hydraulicsmeetselectronics.de\/en\/wp-json\/wp\/v2\/pages\/14\/revisions"}],"predecessor-version":[{"id":4114,"href":"https:\/\/hydraulicsmeetselectronics.de\/en\/wp-json\/wp\/v2\/pages\/14\/revisions\/4114"}],"wp:attachment":[{"href":"https:\/\/hydraulicsmeetselectronics.de\/en\/wp-json\/wp\/v2\/media?parent=14"}],"curies":[{"name":"wp","href":"https:\/\/api.w.org\/{rel}","templated":true}]}}