{"id":569,"date":"2021-11-24T09:27:54","date_gmt":"2021-11-24T08:27:54","guid":{"rendered":"https:\/\/hydraulicsmeetselectronics.de\/?page_id=569"},"modified":"2026-04-14T12:35:28","modified_gmt":"2026-04-14T10:35:28","slug":"kontakt","status":"publish","type":"page","link":"https:\/\/hydraulicsmeetselectronics.de\/en\/service\/kontakt\/","title":{"rendered":"Sales"},"content":{"rendered":"<div id=\"pl-569\"  class=\"panel-layout\" ><div id=\"pg-569-0\"  class=\"panel-grid panel-no-style\" ><div id=\"pgc-569-0-0\"  class=\"panel-grid-cell\" ><div id=\"panel-569-0-0-0\" class=\"widget_text so-panel widget widget_custom_html panel-first-child panel-last-child\" data-index=\"0\" ><div class=\"textwidget custom-html-widget\"><div class='white' style='background:rgba(0,0,0,0); border:solid 0px rgba(0,0,0,0); border-radius:0px; padding:0px 0px 0px 0px;'>\n<div id='slider_51' class='owl-carousel sa_owl_theme ' data-slider-id='slider_51' style='visibility:hidden;'>\n<div id='slider_51_slide01' class='sa_hover_container' style='padding:0% 0%; margin:0px 0%; background-image:url(&quot;https:\/\/hydraulicsmeetselectronics.de\/wp-content\/uploads\/2022\/03\/Header_Variante_1.jpg&quot;); background-position:center center; background-size:100% 100%; background-repeat:no-repeat; background-color:rgba(207, 226, 243, 0); '><p><img loading=\"lazy\" decoding=\"async\" class=\"alignnone wp-image-54\" role=\"img\" src=\"https:\/\/hydraulicsmeetselectronics.de\/wp-content\/uploads\/2021\/08\/Logo_rz_bildmarke_farbig_rgb.svg\" alt=\"\" width=\"100\" height=\"42\" \/><\/p>\r\n<h1>Wir steuern<span style=\"font-size: 8pt\"><br \/><\/span>Ihre Hydraulik<\/h1>\r\n<h3>Electronics meets Hydraulics<\/h3><\/div>\n<div id='slider_51_slide02' class='sa_hover_container' style='padding:0% 0%; margin:0px 0%; background-image:url(&quot;https:\/\/hydraulicsmeetselectronics.de\/wp-content\/uploads\/2022\/03\/Header_5.jpg&quot;); background-position:center center; background-size:100% 100%; background-repeat:no-repeat; background-color:rgba(255, 255, 255, 0); '><p><img loading=\"lazy\" decoding=\"async\" class=\"alignnone wp-image-54\" role=\"img\" src=\"https:\/\/hydraulicsmeetselectronics.de\/wp-content\/uploads\/2021\/08\/Logo_rz_bildmarke_farbig_rgb.svg\" alt=\"\" width=\"100\" height=\"42\" \/><\/p>\r\n<h1>Einfache Verbindung<span style=\"font-size: 8pt\"><br \/><\/span>mit IO-Link<\/h1>\r\n<h3>Electronics meets Hydraulics<\/h3><\/div>\n<div id='slider_51_slide03' class='sa_hover_container' style='padding:0% 0%; margin:0px 0%; background-image:url(&quot;https:\/\/hydraulicsmeetselectronics.de\/wp-content\/uploads\/2022\/03\/Header_4.jpg&quot;); background-position:center center; background-size:100% 100%; background-repeat:no-repeat; background-color:rgba(255, 255, 255, 0); '><p><img loading=\"lazy\" decoding=\"async\" class=\"alignnone wp-image-54\" role=\"img\" src=\"https:\/\/hydraulicsmeetselectronics.de\/wp-content\/uploads\/2021\/08\/Logo_rz_bildmarke_farbig_rgb.svg\" alt=\"\" width=\"100\" height=\"42\" \/><\/p>\r\n<h1>Intelligente L\u00f6sungen<span style=\"font-size: 8pt\"><br \/><\/span>f\u00fcr Ihre Anwendung<\/h1>\r\n<h3>Electronics meets Hydraulics<\/h3><\/div>\n<\/div>\n<\/div>\n<script type='text\/javascript'>\n\tjQuery(document).ready(function() {\n\t\tjQuery('#slider_51').owlCarousel({\n\t\t\titems : 1,\n\t\t\tsmartSpeed : 1000,\n\t\t\tautoplay : true,\n\t\t\tautoplayTimeout : 5000,\n\t\t\tautoplayHoverPause : true,\n\t\t\tsmartSpeed : 1000,\n\t\t\tfluidSpeed : 1000,\n\t\t\tautoplaySpeed : 1000,\n\t\t\tnavSpeed : 1000,\n\t\t\tdotsSpeed : 1000,\n\t\t\tloop : true,\n\t\t\tnav : true,\n\t\t\tnavText : ['Previous','Next'],\n\t\t\tdots : false,\n\t\t\tresponsiveRefreshRate : 200,\n\t\t\tslideBy : 1,\n\t\t\tmergeFit : true,\n\t\t\tautoHeight : false,\n\t\t\tmouseDrag : false,\n\t\t\ttouchDrag : true\n\t\t});\n\t\tjQuery('#slider_51').css('visibility', 'visible');\n\t\tsa_resize_slider_51();\n\t\twindow.addEventListener('resize', sa_resize_slider_51);\n\t\tfunction sa_resize_slider_51() {\n\t\t\tvar min_height = 'aspect169';\n\t\t\tvar win_width = jQuery(window).width();\n\t\t\tvar slider_width = jQuery('#slider_51').width();\n\t\t\tif (win_width < 480) {\n\t\t\t\tvar slide_width = slider_width \/ 1;\n\t\t\t} else if (win_width < 768) {\n\t\t\t\tvar slide_width = slider_width \/ 1;\n\t\t\t} else if (win_width < 980) {\n\t\t\t\tvar slide_width = slider_width \/ 1;\n\t\t\t} else if (win_width < 1200) {\n\t\t\t\tvar slide_width = slider_width \/ 1;\n\t\t\t} else if (win_width < 1500) {\n\t\t\t\tvar slide_width = slider_width \/ 1;\n\t\t\t} else {\n\t\t\t\tvar slide_width = slider_width \/ 1;\n\t\t\t}\n\t\t\tslide_width = Math.round(slide_width);\n\t\t\tvar slide_height = '0';\n\t\t\tif (min_height == 'aspect43') {\n\t\t\t\tslide_height = (slide_width \/ 4) * 3;\t\t\t\tslide_height = Math.round(slide_height);\n\t\t\t} else if (min_height == 'aspect169') {\n\t\t\t\tslide_height = (slide_width \/ 16) * 9;\t\t\t\tslide_height = Math.round(slide_height);\n\t\t\t} else {\n\t\t\t\tslide_height = (slide_width \/ 100) * min_height;\t\t\t\tslide_height = Math.round(slide_height);\n\t\t\t}\n\t\t\tjQuery('#slider_51 .owl-item .sa_hover_container').css('min-height', slide_height+'px');\n\t\t}\n\t\tvar owl_goto = jQuery('#slider_51');\n\t\tjQuery('.slider_51_goto1').click(function(event){\n\t\t\towl_goto.trigger('to.owl.carousel', 0);\n\t\t});\n\t\tjQuery('.slider_51_goto2').click(function(event){\n\t\t\towl_goto.trigger('to.owl.carousel', 1);\n\t\t});\n\t\tjQuery('.slider_51_goto3').click(function(event){\n\t\t\towl_goto.trigger('to.owl.carousel', 2);\n\t\t});\n\t\tvar resize_51 = jQuery('.owl-carousel');\n\t\tresize_51.on('initialized.owl.carousel', function(e) {\n\t\t\tif (typeof(Event) === 'function') {\n\t\t\t\twindow.dispatchEvent(new Event('resize'));\n\t\t\t} else {\n\t\t\t\tvar evt = window.document.createEvent('UIEvents');\n\t\t\t\tevt.initUIEvent('resize', true, false, window, 0);\n\t\t\t\twindow.dispatchEvent(evt);\n\t\t\t}\n\t\t});\n\t});\n<\/script>\n<\/div><\/div><\/div><\/div><div id=\"pg-569-1\"  class=\"panel-grid panel-has-style\" ><div class=\"inner border-bot pb-1 panel-row-style panel-row-style-for-569-1\" ><div id=\"pgc-569-1-0\"  class=\"panel-grid-cell\" ><div id=\"panel-569-1-0-0\" class=\"so-panel widget widget_sow-editor panel-first-child panel-last-child\" data-index=\"1\" ><div\n\t\t\t\n\t\t\tclass=\"so-widget-sow-editor so-widget-sow-editor-base\"\n\t\t\t\n\t\t>\n<div class=\"siteorigin-widget-tinymce textwidget\">\n\t<header class=\"entry-header\">\n<h1 class=\"entry-title\">Vertrieb<\/h1>\n<\/header>\n<div class=\"entry-content\">\n<h2><strong>W.E.St. Elektronik GmbH<\/strong><\/h2>\n<p><strong>Gewerbering 31<br \/>\n<\/strong><strong>41372 Niederkr\u00fcchten<\/strong><\/p>\n<p>Gesch\u00e4ftsf\u00fchrer:\u00a0<strong>Thomas Helpenstein, Johan Andreas L\u00e1z\u00e1r<br \/>\n<\/strong>Handelsregister: HRB 12047 Amtsgericht M\u00f6nchengladbach<br \/>\nUst.-ID.Nr. DE 814820009<br \/>\nTel.\u00a0<strong>0049 (0) 2163 577355 \u2013 0<br \/>\n<\/strong>Fax<strong>\u00a00049 (0) 2163 577355 \u2013 11<br \/>\n<\/strong>E-Mail:\u00a0<a href=\"mailto:contact@w-e-st.de\"><strong>contact@w-e-st.de<\/strong><\/a><\/p>\n<p>Sie erreichen uns Montags bis Donnerstags von 8:00 \u2013 16:00 Uhr und Freitags von 8:00 \u2013 15:00 Uhr.<\/p>\n<\/div>\n<\/div>\n<\/div><\/div><\/div><\/div><\/div><div id=\"pg-569-2\"  class=\"panel-grid panel-has-style\" ><div class=\"inner border-bot pb-1 panel-row-style panel-row-style-for-569-2\" ><div id=\"pgc-569-2-0\"  class=\"panel-grid-cell\" ><div id=\"panel-569-2-0-0\" class=\"so-panel widget widget_sow-editor panel-first-child panel-last-child\" data-index=\"2\" ><div\n\t\t\t\n\t\t\tclass=\"so-widget-sow-editor so-widget-sow-editor-base\"\n\t\t\t\n\t\t>\n<div class=\"siteorigin-widget-tinymce textwidget\">\n\t<h4>Bestellungen und Preisanfragen an:\u00a0<strong><a href=\"mailto:order@w-e-st.de\">order@w-e-st.de<\/a><\/strong><\/h4>\n<h4>Technische Fragen an:\u00a0<strong><a href=\"mailto:technics@w-e-st.de\">technics@w-e-st.de<\/a><\/strong><\/h4>\n<\/div>\n<\/div><\/div><\/div><\/div><\/div><div id=\"pg-569-3\"  class=\"panel-grid panel-has-style\" ><div class=\"inner border-bot pb-1 panel-row-style panel-row-style-for-569-3\" ><div id=\"pgc-569-3-0\"  class=\"panel-grid-cell\" ><div id=\"panel-569-3-0-0\" class=\"so-panel widget widget_sow-editor panel-first-child panel-last-child\" data-index=\"3\" ><div\n\t\t\t\n\t\t\tclass=\"so-widget-sow-editor so-widget-sow-editor-base\"\n\t\t\t\n\t\t>\n<div class=\"siteorigin-widget-tinymce textwidget\">\n\t<h2>Partnerunternehmen<\/h2>\n<h3>S\u00fcddeutschland, Schweiz, \u00d6sterreich<\/h3>\n<p><strong>Schuhmacher Technologies &amp; Hydraulics GmbH<\/strong><br \/>\nMax-Planck-Stra\u00dfe 20<br \/>\nD-78549 Spaichingen<br \/>\nTel. 0049 (0) 7461 1712835<br \/>\nE-Mail:\u00a0<a href=\"mailto:%20info@ses-electronic.de\">info@<\/a><a href=\"mailto:info@schuhmacher-tech.de\">schuhmacher-tech.de<\/a><br \/>\nHomepage:\u00a0<a href=\"https:\/\/www.schuhmacher-tech.de\/\">www.schuhmacher-tech.de<\/a><\/p>\n<\/div>\n<\/div><\/div><\/div><\/div><\/div><div id=\"pg-569-4\"  class=\"panel-grid panel-has-style\" ><div class=\"inner border-bot pb-1 panel-row-style panel-row-style-for-569-4\" ><div id=\"pgc-569-4-0\"  class=\"panel-grid-cell\" ><div id=\"panel-569-4-0-0\" class=\"so-panel widget widget_sow-editor panel-first-child panel-last-child\" data-index=\"4\" ><div\n\t\t\t\n\t\t\tclass=\"so-widget-sow-editor so-widget-sow-editor-base\"\n\t\t\t\n\t\t>\n<div class=\"siteorigin-widget-tinymce textwidget\">\n\t<h3>China<\/h3>\n<p><strong>Shanghai Dowyer Mechanical and Electrical Equipment Co., Ltd<br \/>\n<\/strong>Address: Room A1603, Building 1, No. 5666 Shenzhuan Road, Songjiang District<br \/>\n201619 Shanghai, China<br \/>\nTel. 0086-21 67828020 \/1\/2\/3<br \/>\nFax 0086-21-67828027<br \/>\nE-Mail:\u00a0<a href=\"mailto:info@dowyer.com\">dowyer@126.com<br \/>\n<\/a>Homepage:\u00a0<a href=\"https:\/\/www.dowyer.com\/\">www.dowyer.com<\/a><\/p>\n<\/div>\n<\/div><\/div><\/div><\/div><\/div><div id=\"pg-569-5\"  class=\"panel-grid panel-has-style\" ><div class=\"inner border-bot pb-1 panel-row-style panel-row-style-for-569-5\" ><div id=\"pgc-569-5-0\"  class=\"panel-grid-cell\" ><div id=\"panel-569-5-0-0\" class=\"so-panel widget widget_sow-editor panel-first-child panel-last-child\" data-index=\"5\" ><div\n\t\t\t\n\t\t\tclass=\"so-widget-sow-editor so-widget-sow-editor-base\"\n\t\t\t\n\t\t>\n<div class=\"siteorigin-widget-tinymce textwidget\">\n\t<h3>Frankreich<\/h3>\n<p><strong>Hydromot S.a.r.l.<\/strong><br \/>\n5, rue du Stade<br \/>\nLU-6580 Rosport<br \/>\nTel. 00352 (0) 26743080<br \/>\nFax 00352 (0) 26743388<br \/>\nE-Mail:\u00a0<a href=\"mailto:%20info@hydromot.lu\">info@hydromot.lu<\/a><br \/>\nHomepage:\u00a0<a href=\"https:\/\/www.hydromot.lu\/\">www.hydromot.lu<\/a><\/p>\n<\/div>\n<\/div><\/div><\/div><\/div><\/div><div id=\"pg-569-6\"  class=\"panel-grid panel-has-style\" ><div class=\"inner border-bot pb-1 panel-row-style panel-row-style-for-569-6\" ><div id=\"pgc-569-6-0\"  class=\"panel-grid-cell\" ><div id=\"panel-569-6-0-0\" class=\"so-panel widget widget_sow-editor panel-first-child panel-last-child\" data-index=\"6\" ><div\n\t\t\t\n\t\t\tclass=\"so-widget-sow-editor so-widget-sow-editor-base\"\n\t\t\t\n\t\t>\n<div class=\"siteorigin-widget-tinymce textwidget\">\n\t<h3>Indien<\/h3>\n<p><strong>HVK Systems &amp; Marketing Pvt Limited<\/strong><br \/>\nNo. 2, First Floor, Bhattad Tower<br \/>\nWestcott Road<br \/>\nIN-Royapettah, Chennai \u2013 600 014<br \/>\nTel. <a href=\"tel:00914428544031\">0091 (0) 44 2854 4031 <\/a>\/\u00a0<a href=\"tel:04428547047\">2854 7047<\/a>\u00a0\/\u00a0<a href=\"tel:04428583893\">2858 3893<\/a><br \/>\nE-Mail: <a href=\"mailto:saleschn@hvksystems.in\">saleschn@hvksystems.in<\/a><br \/>\nHomepage:\u00a0<a href=\"http:\/\/www.hvksystems.in\">www.hvksystems.in<\/a><\/p>\n<\/div>\n<\/div><\/div><\/div><\/div><\/div><div id=\"pg-569-7\"  class=\"panel-grid panel-has-style\" ><div class=\"inner border-bot pb-1 panel-row-style panel-row-style-for-569-7\" ><div id=\"pgc-569-7-0\"  class=\"panel-grid-cell\" ><div id=\"panel-569-7-0-0\" class=\"so-panel widget widget_sow-editor panel-first-child panel-last-child\" data-index=\"7\" ><div\n\t\t\t\n\t\t\tclass=\"so-widget-sow-editor so-widget-sow-editor-base\"\n\t\t\t\n\t\t>\n<div class=\"siteorigin-widget-tinymce textwidget\">\n\t<h3>Portugal<\/h3>\n<p><strong>Fluidraulica, Equipamento Hidr\u00e1ulicos, Lda<\/strong><br \/>\nVilarinho das Cambas<br \/>\nRua do Com\u00e9rcio 787<br \/>\nPT-4760-739 Vila Nova da Famalicao<br \/>\nTel. 00351 (0) 252320270<br \/>\nE-Mail: <a href=\"mailto:comercial@fluidraulica.pt\">comercial@fluidraulica.pt<\/a><br \/>\nHomepage:\u00a0<a href=\"http:\/\/www.fluidraulica.pt\">www.fluidraulica.pt<\/a><\/p>\n<\/div>\n<\/div><\/div><\/div><\/div><\/div><div id=\"pg-569-8\"  class=\"panel-grid panel-has-style\" ><div class=\"inner border-bot pb-1 panel-row-style panel-row-style-for-569-8\" ><div id=\"pgc-569-8-0\"  class=\"panel-grid-cell\" ><div id=\"panel-569-8-0-0\" class=\"so-panel widget widget_sow-editor panel-first-child panel-last-child\" data-index=\"8\" ><div\n\t\t\t\n\t\t\tclass=\"so-widget-sow-editor so-widget-sow-editor-base\"\n\t\t\t\n\t\t>\n<div class=\"siteorigin-widget-tinymce textwidget\">\n\t<h3>Spanien<\/h3>\n<p><strong>SUTEC\u00a0<\/strong><br \/>\nPol. Indl. Fondo D\u2019en Peixo<br \/>\nC\/ Ripoll\u00e8s, 28<br \/>\nES-00820 El Prat de Llobregat (Barcelona)<br \/>\nTel. 0034 (0) 933466350<br \/>\nE-Mail: <a href=\"mailto:jaumepons@sutec.net\">jaumepons@sutec.net<\/a><br \/>\nHomepage:\u00a0<a href=\"https:\/\/www.sutec.net\/\">www.sutec.net<\/a><\/p>\n<\/div>\n<\/div><\/div><\/div><\/div><\/div><div id=\"pg-569-9\"  class=\"panel-grid panel-has-style\" ><div class=\"inner border-bot pb-1 panel-row-style panel-row-style-for-569-9\" ><div id=\"pgc-569-9-0\"  class=\"panel-grid-cell\" ><div id=\"panel-569-9-0-0\" class=\"so-panel widget widget_sow-editor panel-first-child panel-last-child\" data-index=\"9\" ><div\n\t\t\t\n\t\t\tclass=\"so-widget-sow-editor so-widget-sow-editor-base\"\n\t\t\t\n\t\t>\n<div class=\"siteorigin-widget-tinymce textwidget\">\n\t<h3>S\u00fcdkorea<\/h3>\n<p><strong>Hanvit Industries Ltd.<br \/>\n<\/strong>385, Aenggogae-ro<br \/>\n21695 Namdong-Gu, Incheon<br \/>\nTel. 0082-32-8215611<br \/>\nFax 0082-32-8215613<br \/>\nE-Mail: <a href=\"mailto:sales@hanvit-ind.com\">sales@hanvit-ind.com<\/a><br \/>\nHomepage: <a href=\"http:\/\/www.hanvit-ind.com\">www.hanvit-ind.com<\/a><\/p>\n<\/div>\n<\/div><\/div><\/div><\/div><\/div><div id=\"pg-569-10\"  class=\"panel-grid panel-has-style\" ><div class=\"inner pb-1 panel-row-style panel-row-style-for-569-10\" ><div id=\"pgc-569-10-0\"  class=\"panel-grid-cell\" ><div id=\"panel-569-10-0-0\" class=\"so-panel widget widget_sow-editor panel-first-child panel-last-child\" data-index=\"10\" ><div\n\t\t\t\n\t\t\tclass=\"so-widget-sow-editor so-widget-sow-editor-base\"\n\t\t\t\n\t\t>\n<div class=\"siteorigin-widget-tinymce textwidget\">\n\t<h3>Taiwan<\/h3>\n<p><strong>MELSUR INT\u2019L CO<\/strong><br \/>\n24159 No. 12-7, No.12, Lane 609, Sec.5<br \/>\nChongsin Rd, Sanchong Dist.<br \/>\n241 Taipei Hsien<br \/>\nTel. 00886 2 2999 3559<br \/>\nFax 00<span class=\"text10\">886 2 2999 1580<br \/>\nE-Mail:\u00a0<a href=\"mailto:jimmy@melsur.com.tw\">jimmy@melsur.com.tw<\/a><br \/>\nHomepage:\u00a0<a href=\"https:\/\/www.hydraulic.com.tw\/\">www.hydraulic.com.tw<\/a><\/span><\/p>\n<\/div>\n<\/div><\/div><\/div><\/div><\/div><div id=\"pg-569-11\"  class=\"panel-grid panel-has-style\" ><div class=\"inner border-bot pb-1 panel-row-style panel-row-style-for-569-11\" ><div id=\"pgc-569-11-0\"  class=\"panel-grid-cell\" ><div id=\"panel-569-11-0-0\" class=\"so-panel widget widget_sow-editor panel-first-child panel-last-child\" data-index=\"11\" ><div\n\t\t\t\n\t\t\tclass=\"so-widget-sow-editor so-widget-sow-editor-base\"\n\t\t\t\n\t\t>\n<div class=\"siteorigin-widget-tinymce textwidget\">\n\t<h3>Tschechische Republik und Slowakei<\/h3>\n<p><strong>Technikert s.r.o.<\/strong><br \/>\nKorunn\u00ed 2569\/108<br \/>\nCZ-101 00 Praha 10<br \/>\nTel. 00420 (0) 775 491 749<br \/>\nE-Mail: <a href=\"mailto:info@technikert.com\">info@technikert.com<\/a><br \/>\nHomepage:\u00a0<a href=\"http:\/\/www.technikert.com\">www.technikert.com<\/a><\/p>\n<\/div>\n<\/div><\/div><\/div><\/div><\/div><\/div>","protected":false},"excerpt":{"rendered":"<p>Vertrieb W.E.St. Elektronik GmbH Gewerbering 31 41372 Niederkr\u00fcchten Gesch\u00e4ftsf\u00fchrer:\u00a0Thomas Helpenstein, Johan Andreas L\u00e1z\u00e1r Handelsregister: HRB 12047 Amtsgericht M\u00f6nchengladbach Ust.-ID.Nr. DE 814820009 Tel.\u00a00049 (0) 2163 577355 \u2013 0 Fax\u00a00049 (0) 2163 577355 \u2013 11 E-Mail:\u00a0contact@w-e-st.de Sie erreichen uns Montags bis Donnerstags von 8:00 \u2013 16:00 Uhr und Freitags von 8:00 \u2013 15:00 Uhr.<\/p>","protected":false},"author":2,"featured_media":0,"parent":18,"menu_order":0,"comment_status":"closed","ping_status":"closed","template":"","meta":{"_acf_changed":false,"footnotes":""},"class_list":["post-569","page","type-page","status-publish","hentry"],"acf":[],"yoast_head":"<!-- This site is optimized with the Yoast SEO plugin v27.5 - https:\/\/yoast.com\/product\/yoast-seo-wordpress\/ -->\n<title>Vertrieb - W.E.St. Elektronik GmbH \u2013 elektronischen Baugruppen f\u00fcr hydraulische Anwendungen<\/title>\n<meta name=\"description\" content=\"Die WEST Elektronik GmbH entwickelt und produziert elektronische Baugruppen f\u00fcr hydraulische Anwendungen. Individuelle Kundenw\u00fcnsche m\u00f6glich.\" \/>\n<meta name=\"robots\" content=\"index, follow, max-snippet:-1, max-image-preview:large, max-video-preview:-1\" \/>\n<link rel=\"canonical\" href=\"https:\/\/hydraulicsmeetselectronics.de\/en\/service\/kontakt\/\" \/>\n<meta property=\"og:locale\" content=\"en_GB\" \/>\n<meta property=\"og:type\" content=\"article\" \/>\n<meta property=\"og:title\" content=\"Vertrieb - W.E.St. Elektronik GmbH \u2013 elektronischen Baugruppen f\u00fcr hydraulische Anwendungen\" \/>\n<meta property=\"og:description\" content=\"Die WEST Elektronik GmbH entwickelt und produziert elektronische Baugruppen f\u00fcr hydraulische Anwendungen. Individuelle Kundenw\u00fcnsche m\u00f6glich.\" \/>\n<meta property=\"og:url\" content=\"https:\/\/hydraulicsmeetselectronics.de\/en\/service\/kontakt\/\" \/>\n<meta property=\"og:site_name\" content=\"W.E.St. Elektronik GmbH \u2013 elektronischen Baugruppen f\u00fcr hydraulische Anwendungen\" \/>\n<meta property=\"article:modified_time\" content=\"2026-04-14T10:35:28+00:00\" \/>\n<meta name=\"twitter:card\" content=\"summary_large_image\" \/>\n<meta name=\"twitter:label1\" content=\"Estimated reading time\" \/>\n\t<meta name=\"twitter:data1\" content=\"2 minutes\" \/>\n<script type=\"application\/ld+json\" class=\"yoast-schema-graph\">{\"@context\":\"https:\\\/\\\/schema.org\",\"@graph\":[{\"@type\":\"WebPage\",\"@id\":\"https:\\\/\\\/hydraulicsmeetselectronics.de\\\/service\\\/kontakt\\\/\",\"url\":\"https:\\\/\\\/hydraulicsmeetselectronics.de\\\/service\\\/kontakt\\\/\",\"name\":\"Vertrieb - W.E.St. Elektronik GmbH \u2013 elektronischen Baugruppen f\u00fcr hydraulische Anwendungen\",\"isPartOf\":{\"@id\":\"https:\\\/\\\/hydraulicsmeetselectronics.de\\\/#website\"},\"datePublished\":\"2021-11-24T08:27:54+00:00\",\"dateModified\":\"2026-04-14T10:35:28+00:00\",\"description\":\"Die WEST Elektronik GmbH entwickelt und produziert elektronische Baugruppen f\u00fcr hydraulische Anwendungen. Individuelle Kundenw\u00fcnsche m\u00f6glich.\",\"breadcrumb\":{\"@id\":\"https:\\\/\\\/hydraulicsmeetselectronics.de\\\/service\\\/kontakt\\\/#breadcrumb\"},\"inLanguage\":\"en-GB\",\"potentialAction\":[{\"@type\":\"ReadAction\",\"target\":[\"https:\\\/\\\/hydraulicsmeetselectronics.de\\\/service\\\/kontakt\\\/\"]}]},{\"@type\":\"BreadcrumbList\",\"@id\":\"https:\\\/\\\/hydraulicsmeetselectronics.de\\\/service\\\/kontakt\\\/#breadcrumb\",\"itemListElement\":[{\"@type\":\"ListItem\",\"position\":1,\"name\":\"Startseite\",\"item\":\"https:\\\/\\\/hydraulicsmeetselectronics.de\\\/\"},{\"@type\":\"ListItem\",\"position\":2,\"name\":\"Service\",\"item\":\"https:\\\/\\\/hydraulicsmeetselectronics.de\\\/service\\\/\"},{\"@type\":\"ListItem\",\"position\":3,\"name\":\"Vertrieb\"}]},{\"@type\":\"WebSite\",\"@id\":\"https:\\\/\\\/hydraulicsmeetselectronics.de\\\/#website\",\"url\":\"https:\\\/\\\/hydraulicsmeetselectronics.de\\\/\",\"name\":\"W.E.St. Elektronik GmbH \u2013 elektronischen Baugruppen f\u00fcr hydraulische Anwendungen\",\"description\":\"Analoge und digitale Leistungsverst\u00e4rker, Positioniermodule, Druckregelungen, Gleichlaufregelmodule, Pumpenregelungen und Feldbusankopplung.\",\"potentialAction\":[{\"@type\":\"SearchAction\",\"target\":{\"@type\":\"EntryPoint\",\"urlTemplate\":\"https:\\\/\\\/hydraulicsmeetselectronics.de\\\/?s={search_term_string}\"},\"query-input\":{\"@type\":\"PropertyValueSpecification\",\"valueRequired\":true,\"valueName\":\"search_term_string\"}}],\"inLanguage\":\"en-GB\"}]}<\/script>\n<!-- \/ Yoast SEO plugin. -->","yoast_head_json":{"title":"Vertrieb - W.E.St. Elektronik GmbH \u2013 elektronischen Baugruppen f\u00fcr hydraulische Anwendungen","description":"Die WEST Elektronik GmbH entwickelt und produziert elektronische Baugruppen f\u00fcr hydraulische Anwendungen. Individuelle Kundenw\u00fcnsche m\u00f6glich.","robots":{"index":"index","follow":"follow","max-snippet":"max-snippet:-1","max-image-preview":"max-image-preview:large","max-video-preview":"max-video-preview:-1"},"canonical":"https:\/\/hydraulicsmeetselectronics.de\/en\/service\/kontakt\/","og_locale":"en_GB","og_type":"article","og_title":"Vertrieb - W.E.St. Elektronik GmbH \u2013 elektronischen Baugruppen f\u00fcr hydraulische Anwendungen","og_description":"Die WEST Elektronik GmbH entwickelt und produziert elektronische Baugruppen f\u00fcr hydraulische Anwendungen. Individuelle Kundenw\u00fcnsche m\u00f6glich.","og_url":"https:\/\/hydraulicsmeetselectronics.de\/en\/service\/kontakt\/","og_site_name":"W.E.St. Elektronik GmbH \u2013 elektronischen Baugruppen f\u00fcr hydraulische Anwendungen","article_modified_time":"2026-04-14T10:35:28+00:00","twitter_card":"summary_large_image","twitter_misc":{"Estimated reading time":"2 minutes"},"schema":{"@context":"https:\/\/schema.org","@graph":[{"@type":"WebPage","@id":"https:\/\/hydraulicsmeetselectronics.de\/service\/kontakt\/","url":"https:\/\/hydraulicsmeetselectronics.de\/service\/kontakt\/","name":"Vertrieb - W.E.St. Elektronik GmbH \u2013 elektronischen Baugruppen f\u00fcr hydraulische Anwendungen","isPartOf":{"@id":"https:\/\/hydraulicsmeetselectronics.de\/#website"},"datePublished":"2021-11-24T08:27:54+00:00","dateModified":"2026-04-14T10:35:28+00:00","description":"Die WEST Elektronik GmbH entwickelt und produziert elektronische Baugruppen f\u00fcr hydraulische Anwendungen. Individuelle Kundenw\u00fcnsche m\u00f6glich.","breadcrumb":{"@id":"https:\/\/hydraulicsmeetselectronics.de\/service\/kontakt\/#breadcrumb"},"inLanguage":"en-GB","potentialAction":[{"@type":"ReadAction","target":["https:\/\/hydraulicsmeetselectronics.de\/service\/kontakt\/"]}]},{"@type":"BreadcrumbList","@id":"https:\/\/hydraulicsmeetselectronics.de\/service\/kontakt\/#breadcrumb","itemListElement":[{"@type":"ListItem","position":1,"name":"Startseite","item":"https:\/\/hydraulicsmeetselectronics.de\/"},{"@type":"ListItem","position":2,"name":"Service","item":"https:\/\/hydraulicsmeetselectronics.de\/service\/"},{"@type":"ListItem","position":3,"name":"Vertrieb"}]},{"@type":"WebSite","@id":"https:\/\/hydraulicsmeetselectronics.de\/#website","url":"https:\/\/hydraulicsmeetselectronics.de\/","name":"W.E.St. Elektronik GmbH \u2013 elektronischen Baugruppen f\u00fcr hydraulische Anwendungen","description":"Analoge und digitale Leistungsverst\u00e4rker, Positioniermodule, Druckregelungen, Gleichlaufregelmodule, Pumpenregelungen und Feldbusankopplung.","potentialAction":[{"@type":"SearchAction","target":{"@type":"EntryPoint","urlTemplate":"https:\/\/hydraulicsmeetselectronics.de\/?s={search_term_string}"},"query-input":{"@type":"PropertyValueSpecification","valueRequired":true,"valueName":"search_term_string"}}],"inLanguage":"en-GB"}]}},"_links":{"self":[{"href":"https:\/\/hydraulicsmeetselectronics.de\/en\/wp-json\/wp\/v2\/pages\/569","targetHints":{"allow":["GET"]}}],"collection":[{"href":"https:\/\/hydraulicsmeetselectronics.de\/en\/wp-json\/wp\/v2\/pages"}],"about":[{"href":"https:\/\/hydraulicsmeetselectronics.de\/en\/wp-json\/wp\/v2\/types\/page"}],"author":[{"embeddable":true,"href":"https:\/\/hydraulicsmeetselectronics.de\/en\/wp-json\/wp\/v2\/users\/2"}],"replies":[{"embeddable":true,"href":"https:\/\/hydraulicsmeetselectronics.de\/en\/wp-json\/wp\/v2\/comments?post=569"}],"version-history":[{"count":58,"href":"https:\/\/hydraulicsmeetselectronics.de\/en\/wp-json\/wp\/v2\/pages\/569\/revisions"}],"predecessor-version":[{"id":4106,"href":"https:\/\/hydraulicsmeetselectronics.de\/en\/wp-json\/wp\/v2\/pages\/569\/revisions\/4106"}],"up":[{"embeddable":true,"href":"https:\/\/hydraulicsmeetselectronics.de\/en\/wp-json\/wp\/v2\/pages\/18"}],"wp:attachment":[{"href":"https:\/\/hydraulicsmeetselectronics.de\/en\/wp-json\/wp\/v2\/media?parent=569"}],"curies":[{"name":"wp","href":"https:\/\/api.w.org\/{rel}","templated":true}]}}